{"id":622,"date":"2022-08-05T18:56:04","date_gmt":"2022-08-05T21:56:04","guid":{"rendered":"https:\/\/confirp.com.br\/?page_id=622"},"modified":"2025-10-24T11:04:33","modified_gmt":"2025-10-24T14:04:33","slug":"segmentos","status":"publish","type":"page","link":"https:\/\/confirp.com.br\/es\/segmentos\/","title":{"rendered":"Segmentos"},"content":{"rendered":"\t\t<div data-elementor-type=\"wp-page\" data-elementor-id=\"622\" class=\"elementor elementor-622\" data-elementor-post-type=\"page\">\n\t\t\t\t<div class=\"elementor-element elementor-element-16c59c4 e-flex e-con-boxed wpr-particle-no wpr-jarallax-no wpr-parallax-no wpr-sticky-section-no e-con e-parent\" data-id=\"16c59c4\" data-element_type=\"container\" data-e-type=\"container\" data-settings=\"{&quot;background_background&quot;:&quot;classic&quot;}\">\n\t\t\t\t\t<div class=\"e-con-inner\">\n\t\t\t\t<div class=\"elementor-element elementor-element-aed7a38 elementor-widget-mobile__width-initial elementor-widget elementor-widget-heading\" data-id=\"aed7a38\" data-element_type=\"widget\" data-e-type=\"widget\" data-widget_type=\"heading.default\">\n\t\t\t\t<div class=\"elementor-widget-container\">\n\t\t\t\t\t<h1 class=\"elementor-heading-title elementor-size-default\">Outsourcing Cont\u00e1bil<\/h1>\t\t\t\t<\/div>\n\t\t\t\t<\/div>\n\t\t\t\t<div class=\"elementor-element elementor-element-9922164 elementor-widget__width-initial elementor-widget-mobile__width-inherit elementor-widget elementor-widget-heading\" data-id=\"9922164\" data-element_type=\"widget\" data-e-type=\"widget\" data-widget_type=\"heading.default\">\n\t\t\t\t<div class=\"elementor-widget-container\">\n\t\t\t\t\t<h2 class=\"elementor-heading-title elementor-size-default\">Segmentos<\/h2>\t\t\t\t<\/div>\n\t\t\t\t<\/div>\n\t\t\t\t<div class=\"elementor-element elementor-element-b091d58 elementor-widget elementor-widget-shortcode\" data-id=\"b091d58\" data-element_type=\"widget\" data-e-type=\"widget\" data-widget_type=\"shortcode.default\">\n\t\t\t\t<div class=\"elementor-widget-container\">\n\t\t\t\t\t\t\t<div class=\"elementor-shortcode\"><span><span><a href=\"https:\/\/confirp.com.br\/es\/inicio\/\">Home<\/a><\/span><\/span><\/div>\n\t\t\t\t\t\t<\/div>\n\t\t\t\t<\/div>\n\t\t\t\t\t<\/div>\n\t\t\t\t<\/div>\n\t\t<div class=\"elementor-element elementor-element-a11d84a e-flex e-con-boxed wpr-particle-no wpr-jarallax-no wpr-parallax-no wpr-sticky-section-no e-con e-parent\" data-id=\"a11d84a\" data-element_type=\"container\" data-e-type=\"container\">\n\t\t\t\t\t<div class=\"e-con-inner\">\n\t\t<div class=\"elementor-element elementor-element-c597b8c e-flex e-con-boxed wpr-particle-no wpr-jarallax-no wpr-parallax-no wpr-sticky-section-no e-con e-child\" data-id=\"c597b8c\" data-element_type=\"container\" data-e-type=\"container\" data-settings=\"{&quot;background_background&quot;:&quot;classic&quot;}\">\n\t\t\t\t\t<div class=\"e-con-inner\">\n\t\t\t\t<div class=\"elementor-element elementor-element-4cc4cfa elementor-widget__width-initial elementor-widget elementor-widget-icon-box\" data-id=\"4cc4cfa\" data-element_type=\"widget\" data-e-type=\"widget\" data-widget_type=\"icon-box.default\">\n\t\t\t\t<div class=\"elementor-widget-container\">\n\t\t\t\t\t\t\t<div class=\"elementor-icon-box-wrapper\">\n\n\t\t\t\n\t\t\t\t\t\t<div class=\"elementor-icon-box-content\">\n\n\t\t\t\t\t\t\t\t\t<h3 class=\"elementor-icon-box-title\">\n\t\t\t\t\t\t<span  >\n\t\t\t\t\t\t\tOutsourcing\t\t\t\t\t\t<\/span>\n\t\t\t\t\t<\/h3>\n\t\t\t\t\n\t\t\t\t\t\t\t\t\t<p class=\"elementor-icon-box-description\">\n\t\t\t\t\t\tOutsourcing Cont\u00e1bil com Atendimento Personalizado\n\t\t\t\t\t<\/p>\n\t\t\t\t\n\t\t\t<\/div>\n\t\t\t\n\t\t<\/div>\n\t\t\t\t\t\t<\/div>\n\t\t\t\t<\/div>\n\t\t\t\t<div class=\"elementor-element elementor-element-95d9c8d elementor-widget__width-initial elementor-widget-mobile__width-inherit elementor-widget elementor-widget-text-editor\" data-id=\"95d9c8d\" data-element_type=\"widget\" data-e-type=\"widget\" data-widget_type=\"text-editor.default\">\n\t\t\t\t<div class=\"elementor-widget-container\">\n\t\t\t\t\t\t\t\t\t<p><span style=\"font-weight: 400;\">O <\/span><b>Outsourcing da Confirp<\/b><span style=\"font-weight: 400;\"> oferece efici\u00eancia, seguran\u00e7a e personaliza\u00e7\u00e3o para sua empresa. Os servi\u00e7os podem ser realizados nas instala\u00e7\u00f5es do Cliente, utilizando seu ERP, ou integrados aos softwares da Confirp, garantindo gest\u00e3o otimizada de dados financeiros e fiscais.<\/span><\/p><p><span style=\"font-weight: 400;\">Os t\u00e9cnicos da Confirp tornam-se parte do time do Cliente, atuando em tempo integral ou conforme a demanda, assegurando agilidade e alinhamento total aos processos internos.<\/span><\/p><p><span style=\"font-weight: 400;\">Indicado para <\/span><b>M\u00e9dias e Grandes Empresas<\/b><span style=\"font-weight: 400;\">, proporciona economia, seguran\u00e7a e acesso a profissionais experientes nas melhores pr\u00e1ticas de mercado.<\/span><\/p><p><span style=\"font-weight: 400;\">A combina\u00e7\u00e3o de tecnologia, know-how e presen\u00e7a dedicada fortalece a gest\u00e3o cont\u00e1bil e fiscal, tornando-a estrat\u00e9gica e confi\u00e1vel.<\/span><\/p>\t\t\t\t\t\t\t\t<\/div>\n\t\t\t\t<\/div>\n\t\t\t\t\t<\/div>\n\t\t\t\t<\/div>\n\t\t<div class=\"elementor-element elementor-element-c72937b e-flex e-con-boxed wpr-particle-no wpr-jarallax-no wpr-parallax-no wpr-sticky-section-no e-con e-child\" data-id=\"c72937b\" data-element_type=\"container\" data-e-type=\"container\" data-settings=\"{&quot;background_background&quot;:&quot;classic&quot;}\">\n\t\t\t\t\t<div class=\"e-con-inner\">\n\t\t\t\t<div class=\"elementor-element elementor-element-bdce664 elementor-widget__width-initial elementor-widget elementor-widget-icon-box\" data-id=\"bdce664\" data-element_type=\"widget\" data-e-type=\"widget\" data-widget_type=\"icon-box.default\">\n\t\t\t\t<div class=\"elementor-widget-container\">\n\t\t\t\t\t\t\t<div class=\"elementor-icon-box-wrapper\">\n\n\t\t\t\n\t\t\t\t\t\t<div class=\"elementor-icon-box-content\">\n\n\t\t\t\t\t\t\t\t\t<h3 class=\"elementor-icon-box-title\">\n\t\t\t\t\t\t<span  >\n\t\t\t\t\t\t\tinsourcing\t\t\t\t\t\t<\/span>\n\t\t\t\t\t<\/h3>\n\t\t\t\t\n\t\t\t\t\t\t\t\t\t<p class=\"elementor-icon-box-description\">\n\t\t\t\t\t\tContabilidade Tradicional\t\t\t\t\t<\/p>\n\t\t\t\t\n\t\t\t<\/div>\n\t\t\t\n\t\t<\/div>\n\t\t\t\t\t\t<\/div>\n\t\t\t\t<\/div>\n\t\t\t\t<div class=\"elementor-element elementor-element-fdc9ad2 elementor-widget__width-initial elementor-widget-mobile__width-inherit elementor-widget elementor-widget-text-editor\" data-id=\"fdc9ad2\" data-element_type=\"widget\" data-e-type=\"widget\" data-widget_type=\"text-editor.default\">\n\t\t\t\t<div class=\"elementor-widget-container\">\n\t\t\t\t\t\t\t\t\t<p><span style=\"font-weight: 400;\">O <\/span><b>Insourcing da Confirp<\/b><span style=\"font-weight: 400;\"> realiza servi\u00e7os cont\u00e1beis, fiscais e tribut\u00e1rios dentro de suas instala\u00e7\u00f5es, utilizando softwares operacionais e integrando dados cont\u00e1beis, financeiros e fiscais aos sistemas do Cliente, garantindo <\/span><b>efici\u00eancia, conformidade e precis\u00e3o<\/b><span style=\"font-weight: 400;\">.<\/span><\/p><p><span style=\"font-weight: 400;\">Ideal para <\/span><b>Pequenas e M\u00e9dias Empresas<\/b><span style=\"font-weight: 400;\"> com estrutura operacional segmentada, oferecendo contabilidade gerencial, an\u00e1lise de balan\u00e7os, concilia\u00e7\u00e3o cont\u00e1bil, fechamento cont\u00e1bil e folha de pagamento, aplicada \u00e0s <\/span><b>melhores pr\u00e1ticas de mercado<\/b><span style=\"font-weight: 400;\">.<\/span><\/p><p><span style=\"font-weight: 400;\">Com o <\/span><b>Insourcing Cont\u00e1bil<\/b><span style=\"font-weight: 400;\">, sua empresa conta com tecnologia avan\u00e7ada, intelig\u00eancia artificial para otimiza\u00e7\u00e3o de processos fiscais, auditoria cont\u00e1bil e relat\u00f3rios gerenciais, fortalecendo a gest\u00e3o tribut\u00e1ria, financeira e cont\u00e1bil de forma estrat\u00e9gica e confi\u00e1vel.<\/span><\/p>\t\t\t\t\t\t\t\t<\/div>\n\t\t\t\t<\/div>\n\t\t\t\t\t<\/div>\n\t\t\t\t<\/div>\n\t\t\t\t\t<\/div>\n\t\t\t\t<\/div>\n\t\t<div class=\"elementor-element elementor-element-384823d e-flex e-con-boxed wpr-particle-no wpr-jarallax-no wpr-parallax-no wpr-sticky-section-no e-con e-parent\" data-id=\"384823d\" data-element_type=\"container\" data-e-type=\"container\">\n\t\t\t\t\t<div class=\"e-con-inner\">\n\t\t<div class=\"elementor-element elementor-element-249044d e-flex e-con-boxed wpr-particle-no wpr-jarallax-no wpr-parallax-no wpr-sticky-section-no e-con e-child\" data-id=\"249044d\" data-element_type=\"container\" data-e-type=\"container\" data-settings=\"{&quot;background_background&quot;:&quot;classic&quot;}\">\n\t\t\t\t\t<div class=\"e-con-inner\">\n\t\t<div class=\"elementor-element elementor-element-ca4dc93 e-con-full e-flex wpr-particle-no wpr-jarallax-no wpr-parallax-no wpr-sticky-section-no e-con e-child\" data-id=\"ca4dc93\" data-element_type=\"container\" data-e-type=\"container\">\n\t\t\t\t<div class=\"elementor-element elementor-element-6439091 elementor-mobile-align-justify elementor-align-left elementor-widget elementor-widget-button\" data-id=\"6439091\" data-element_type=\"widget\" data-e-type=\"widget\" data-widget_type=\"button.default\">\n\t\t\t\t<div class=\"elementor-widget-container\">\n\t\t\t\t\t\t\t\t\t<div class=\"elementor-button-wrapper\">\n\t\t\t\t\t<a class=\"elementor-button elementor-button-link elementor-size-sm\" href=\"https:\/\/confirp.com.br\/es\/\">\n\t\t\t\t\t\t<span class=\"elementor-button-content-wrapper\">\n\t\t\t\t\t\t<span class=\"elementor-button-icon\">\n\t\t\t\t<svg aria-hidden=\"true\" class=\"e-font-icon-svg e-fas-arrow-left\" viewBox=\"0 0 448 512\" xmlns=\"http:\/\/www.w3.org\/2000\/svg\"><path d=\"M257.5 445.1l-22.2 22.2c-9.4 9.4-24.6 9.4-33.9 0L7 273c-9.4-9.4-9.4-24.6 0-33.9L201.4 44.7c9.4-9.4 24.6-9.4 33.9 0l22.2 22.2c9.5 9.5 9.3 25-.4 34.3L136.6 216H424c13.3 0 24 10.7 24 24v32c0 13.3-10.7 24-24 24H136.6l120.5 114.8c9.8 9.3 10 24.8.4 34.3z\"><\/path><\/svg>\t\t\t<\/span>\n\t\t\t\t\t\t\t\t\t<span class=\"elementor-button-text\">Voltar<\/span>\n\t\t\t\t\t<\/span>\n\t\t\t\t\t<\/a>\n\t\t\t\t<\/div>\n\t\t\t\t\t\t\t\t<\/div>\n\t\t\t\t<\/div>\n\t\t\t\t<\/div>\n\t\t\t\t\t<\/div>\n\t\t\t\t<\/div>\n\t\t\t\t\t<\/div>\n\t\t\t\t<\/div>\n\t\t\t\t<\/div>\n\t\t","protected":false},"excerpt":{"rendered":"<p>Outsourcing Cont\u00e1bil Segmentos Outsourcing Outsourcing Cont\u00e1bil com Atendimento Personalizado O Outsourcing da Confirp oferece efici\u00eancia, seguran\u00e7a e personaliza\u00e7\u00e3o para sua empresa. Os servi\u00e7os podem ser realizados nas instala\u00e7\u00f5es do Cliente, utilizando seu ERP, ou integrados aos softwares da Confirp, garantindo gest\u00e3o otimizada de dados financeiros e fiscais. Os t\u00e9cnicos da Confirp tornam-se parte do time do Cliente, atuando em tempo integral ou conforme a demanda, assegurando agilidade e alinhamento total aos processos internos. Indicado para M\u00e9dias e Grandes Empresas, proporciona economia, seguran\u00e7a e acesso a profissionais experientes nas melhores pr\u00e1ticas de mercado. A combina\u00e7\u00e3o de tecnologia, know-how e presen\u00e7a dedicada fortalece a gest\u00e3o cont\u00e1bil e fiscal, tornando-a estrat\u00e9gica e confi\u00e1vel. insourcing Contabilidade Tradicional O Insourcing da Confirp realiza servi\u00e7os cont\u00e1beis, fiscais e tribut\u00e1rios dentro de suas instala\u00e7\u00f5es, utilizando softwares operacionais e integrando dados cont\u00e1beis, financeiros e fiscais aos sistemas do Cliente, garantindo efici\u00eancia, conformidade e precis\u00e3o. Ideal para Pequenas e M\u00e9dias Empresas com estrutura operacional segmentada, oferecendo contabilidade gerencial, an\u00e1lise de balan\u00e7os, concilia\u00e7\u00e3o cont\u00e1bil, fechamento cont\u00e1bil e folha de pagamento, aplicada \u00e0s melhores pr\u00e1ticas de mercado. Com o Insourcing Cont\u00e1bil, sua empresa conta com tecnologia avan\u00e7ada, intelig\u00eancia artificial para otimiza\u00e7\u00e3o de processos fiscais, auditoria cont\u00e1bil e relat\u00f3rios gerenciais, fortalecendo a gest\u00e3o tribut\u00e1ria, financeira e cont\u00e1bil de forma estrat\u00e9gica e confi\u00e1vel. &nbsp; Voltar<\/p>\n","protected":false},"author":2,"featured_media":26949,"parent":0,"menu_order":0,"comment_status":"closed","ping_status":"closed","template":"elementor_header_footer","meta":{"om_disable_all_campaigns":false,"_monsterinsights_skip_tracking":false,"_monsterinsights_sitenote_active":false,"_monsterinsights_sitenote_note":"","_monsterinsights_sitenote_category":0,"_uf_show_specific_survey":0,"_uf_disable_surveys":false,"footnotes":""},"class_list":["post-622","page","type-page","status-publish","has-post-thumbnail","hentry"],"yoast_head":"<!-- This site is optimized with the Yoast SEO plugin v27.4 - https:\/\/yoast.com\/product\/yoast-seo-wordpress\/ -->\n<title>Segmentos | Confirp<\/title>\n<meta name=\"description\" content=\"Conhe\u00e7a os segmentos atendidos pela Confirp e descubra solu\u00e7\u00f5es cont\u00e1beis personalizadas para o seu tipo de neg\u00f3cio.\" \/>\n<meta name=\"robots\" content=\"index, follow, max-snippet:-1, max-image-preview:large, max-video-preview:-1\" \/>\n<link rel=\"canonical\" href=\"https:\/\/confirp.com.br\/es\/segmentos\/\" \/>\n<meta property=\"og:locale\" content=\"es_ES\" \/>\n<meta property=\"og:type\" content=\"article\" \/>\n<meta property=\"og:title\" content=\"Segmentos | Confirp\" \/>\n<meta property=\"og:description\" content=\"Conhe\u00e7a os segmentos atendidos pela Confirp e descubra solu\u00e7\u00f5es cont\u00e1beis personalizadas para o seu tipo de neg\u00f3cio.\" \/>\n<meta property=\"og:url\" content=\"https:\/\/confirp.com.br\/es\/segmentos\/\" \/>\n<meta property=\"og:site_name\" content=\"CONFIRP\" \/>\n<meta property=\"article:modified_time\" content=\"2025-10-24T14:04:33+00:00\" \/>\n<meta property=\"og:image\" content=\"https:\/\/confirp.com.br\/wp-content\/uploads\/2025\/10\/2.png\" \/>\n\t<meta property=\"og:image:width\" content=\"940\" \/>\n\t<meta property=\"og:image:height\" content=\"788\" \/>\n\t<meta property=\"og:image:type\" content=\"image\/png\" \/>\n<meta name=\"twitter:card\" content=\"summary_large_image\" \/>\n<meta name=\"twitter:label1\" content=\"Tiempo de lectura\" \/>\n\t<meta name=\"twitter:data1\" content=\"2 minutos\" \/>\n<script type=\"application\/ld+json\" class=\"yoast-schema-graph\">{\"@context\":\"https:\\\/\\\/schema.org\",\"@graph\":[{\"@type\":\"WebPage\",\"@id\":\"https:\\\/\\\/confirp.com.br\\\/es\\\/segmentos\\\/\",\"url\":\"https:\\\/\\\/confirp.com.br\\\/es\\\/segmentos\\\/\",\"name\":\"Segmentos | Confirp\",\"isPartOf\":{\"@id\":\"https:\\\/\\\/confirp.com.br\\\/es\\\/#website\"},\"primaryImageOfPage\":{\"@id\":\"https:\\\/\\\/confirp.com.br\\\/es\\\/segmentos\\\/#primaryimage\"},\"image\":{\"@id\":\"https:\\\/\\\/confirp.com.br\\\/es\\\/segmentos\\\/#primaryimage\"},\"thumbnailUrl\":\"https:\\\/\\\/confirp.com.br\\\/wp-content\\\/uploads\\\/2025\\\/10\\\/2.png\",\"datePublished\":\"2022-08-05T21:56:04+00:00\",\"dateModified\":\"2025-10-24T14:04:33+00:00\",\"description\":\"Conhe\u00e7a os segmentos atendidos pela Confirp e descubra solu\u00e7\u00f5es cont\u00e1beis personalizadas para o seu tipo de neg\u00f3cio.\",\"breadcrumb\":{\"@id\":\"https:\\\/\\\/confirp.com.br\\\/es\\\/segmentos\\\/#breadcrumb\"},\"inLanguage\":\"es\",\"potentialAction\":[{\"@type\":\"ReadAction\",\"target\":[\"https:\\\/\\\/confirp.com.br\\\/es\\\/segmentos\\\/\"]}]},{\"@type\":\"ImageObject\",\"inLanguage\":\"es\",\"@id\":\"https:\\\/\\\/confirp.com.br\\\/es\\\/segmentos\\\/#primaryimage\",\"url\":\"https:\\\/\\\/confirp.com.br\\\/wp-content\\\/uploads\\\/2025\\\/10\\\/2.png\",\"contentUrl\":\"https:\\\/\\\/confirp.com.br\\\/wp-content\\\/uploads\\\/2025\\\/10\\\/2.png\",\"width\":940,\"height\":788},{\"@type\":\"BreadcrumbList\",\"@id\":\"https:\\\/\\\/confirp.com.br\\\/es\\\/segmentos\\\/#breadcrumb\",\"itemListElement\":[{\"@type\":\"ListItem\",\"position\":1,\"name\":\"Home\",\"item\":\"https:\\\/\\\/confirp.com.br\\\/es\\\/inicio\\\/\"},{\"@type\":\"ListItem\",\"position\":2,\"name\":\"Segmentos\"}]},{\"@type\":\"WebSite\",\"@id\":\"https:\\\/\\\/confirp.com.br\\\/es\\\/#website\",\"url\":\"https:\\\/\\\/confirp.com.br\\\/es\\\/\",\"name\":\"CONFIRP\",\"description\":\"\",\"publisher\":{\"@id\":\"https:\\\/\\\/confirp.com.br\\\/es\\\/#organization\"},\"potentialAction\":[{\"@type\":\"SearchAction\",\"target\":{\"@type\":\"EntryPoint\",\"urlTemplate\":\"https:\\\/\\\/confirp.com.br\\\/es\\\/?s={search_term_string}\"},\"query-input\":{\"@type\":\"PropertyValueSpecification\",\"valueRequired\":true,\"valueName\":\"search_term_string\"}}],\"inLanguage\":\"es\"},{\"@type\":\"Organization\",\"@id\":\"https:\\\/\\\/confirp.com.br\\\/es\\\/#organization\",\"name\":\"CONFIRP\",\"url\":\"https:\\\/\\\/confirp.com.br\\\/es\\\/\",\"logo\":{\"@type\":\"ImageObject\",\"inLanguage\":\"es\",\"@id\":\"https:\\\/\\\/confirp.com.br\\\/es\\\/#\\\/schema\\\/logo\\\/image\\\/\",\"url\":\"https:\\\/\\\/confirp.com.br\\\/wp-content\\\/uploads\\\/2018\\\/09\\\/logo-confirp.svg\",\"contentUrl\":\"https:\\\/\\\/confirp.com.br\\\/wp-content\\\/uploads\\\/2018\\\/09\\\/logo-confirp.svg\",\"width\":176,\"height\":40,\"caption\":\"CONFIRP\"},\"image\":{\"@id\":\"https:\\\/\\\/confirp.com.br\\\/es\\\/#\\\/schema\\\/logo\\\/image\\\/\"}}]}<\/script>\n<!-- \/ Yoast SEO plugin. -->","yoast_head_json":{"title":"Segmentos | Confirp","description":"Conhe\u00e7a os segmentos atendidos pela Confirp e descubra solu\u00e7\u00f5es cont\u00e1beis personalizadas para o seu tipo de neg\u00f3cio.","robots":{"index":"index","follow":"follow","max-snippet":"max-snippet:-1","max-image-preview":"max-image-preview:large","max-video-preview":"max-video-preview:-1"},"canonical":"https:\/\/confirp.com.br\/es\/segmentos\/","og_locale":"es_ES","og_type":"article","og_title":"Segmentos | Confirp","og_description":"Conhe\u00e7a os segmentos atendidos pela Confirp e descubra solu\u00e7\u00f5es cont\u00e1beis personalizadas para o seu tipo de neg\u00f3cio.","og_url":"https:\/\/confirp.com.br\/es\/segmentos\/","og_site_name":"CONFIRP","article_modified_time":"2025-10-24T14:04:33+00:00","og_image":[{"width":940,"height":788,"url":"https:\/\/confirp.com.br\/wp-content\/uploads\/2025\/10\/2.png","type":"image\/png"}],"twitter_card":"summary_large_image","twitter_misc":{"Tiempo de lectura":"2 minutos"},"schema":{"@context":"https:\/\/schema.org","@graph":[{"@type":"WebPage","@id":"https:\/\/confirp.com.br\/es\/segmentos\/","url":"https:\/\/confirp.com.br\/es\/segmentos\/","name":"Segmentos | Confirp","isPartOf":{"@id":"https:\/\/confirp.com.br\/es\/#website"},"primaryImageOfPage":{"@id":"https:\/\/confirp.com.br\/es\/segmentos\/#primaryimage"},"image":{"@id":"https:\/\/confirp.com.br\/es\/segmentos\/#primaryimage"},"thumbnailUrl":"https:\/\/confirp.com.br\/wp-content\/uploads\/2025\/10\/2.png","datePublished":"2022-08-05T21:56:04+00:00","dateModified":"2025-10-24T14:04:33+00:00","description":"Conhe\u00e7a os segmentos atendidos pela Confirp e descubra solu\u00e7\u00f5es cont\u00e1beis personalizadas para o seu tipo de neg\u00f3cio.","breadcrumb":{"@id":"https:\/\/confirp.com.br\/es\/segmentos\/#breadcrumb"},"inLanguage":"es","potentialAction":[{"@type":"ReadAction","target":["https:\/\/confirp.com.br\/es\/segmentos\/"]}]},{"@type":"ImageObject","inLanguage":"es","@id":"https:\/\/confirp.com.br\/es\/segmentos\/#primaryimage","url":"https:\/\/confirp.com.br\/wp-content\/uploads\/2025\/10\/2.png","contentUrl":"https:\/\/confirp.com.br\/wp-content\/uploads\/2025\/10\/2.png","width":940,"height":788},{"@type":"BreadcrumbList","@id":"https:\/\/confirp.com.br\/es\/segmentos\/#breadcrumb","itemListElement":[{"@type":"ListItem","position":1,"name":"Home","item":"https:\/\/confirp.com.br\/es\/inicio\/"},{"@type":"ListItem","position":2,"name":"Segmentos"}]},{"@type":"WebSite","@id":"https:\/\/confirp.com.br\/es\/#website","url":"https:\/\/confirp.com.br\/es\/","name":"CONFIRP","description":"","publisher":{"@id":"https:\/\/confirp.com.br\/es\/#organization"},"potentialAction":[{"@type":"SearchAction","target":{"@type":"EntryPoint","urlTemplate":"https:\/\/confirp.com.br\/es\/?s={search_term_string}"},"query-input":{"@type":"PropertyValueSpecification","valueRequired":true,"valueName":"search_term_string"}}],"inLanguage":"es"},{"@type":"Organization","@id":"https:\/\/confirp.com.br\/es\/#organization","name":"CONFIRP","url":"https:\/\/confirp.com.br\/es\/","logo":{"@type":"ImageObject","inLanguage":"es","@id":"https:\/\/confirp.com.br\/es\/#\/schema\/logo\/image\/","url":"https:\/\/confirp.com.br\/wp-content\/uploads\/2018\/09\/logo-confirp.svg","contentUrl":"https:\/\/confirp.com.br\/wp-content\/uploads\/2018\/09\/logo-confirp.svg","width":176,"height":40,"caption":"CONFIRP"},"image":{"@id":"https:\/\/confirp.com.br\/es\/#\/schema\/logo\/image\/"}}]}},"_links":{"self":[{"href":"https:\/\/confirp.com.br\/es\/wp-json\/wp\/v2\/pages\/622","targetHints":{"allow":["GET"]}}],"collection":[{"href":"https:\/\/confirp.com.br\/es\/wp-json\/wp\/v2\/pages"}],"about":[{"href":"https:\/\/confirp.com.br\/es\/wp-json\/wp\/v2\/types\/page"}],"author":[{"embeddable":true,"href":"https:\/\/confirp.com.br\/es\/wp-json\/wp\/v2\/users\/2"}],"replies":[{"embeddable":true,"href":"https:\/\/confirp.com.br\/es\/wp-json\/wp\/v2\/comments?post=622"}],"version-history":[{"count":0,"href":"https:\/\/confirp.com.br\/es\/wp-json\/wp\/v2\/pages\/622\/revisions"}],"wp:featuredmedia":[{"embeddable":true,"href":"https:\/\/confirp.com.br\/es\/wp-json\/wp\/v2\/media\/26949"}],"wp:attachment":[{"href":"https:\/\/confirp.com.br\/es\/wp-json\/wp\/v2\/media?parent=622"}],"curies":[{"name":"wp","href":"https:\/\/api.w.org\/{rel}","templated":true}]}}