{"id":28420,"date":"2022-08-10T15:48:09","date_gmt":"2022-08-10T18:48:09","guid":{"rendered":"https:\/\/confirp.com.br\/contacte-con-nosotros\/"},"modified":"2026-03-09T14:37:22","modified_gmt":"2026-03-09T17:37:22","slug":"contacte-con-nosotros","status":"publish","type":"page","link":"https:\/\/confirp.com.br\/es\/contacte-con-nosotros\/","title":{"rendered":"Contacto"},"content":{"rendered":"\t\t<div data-elementor-type=\"wp-page\" data-elementor-id=\"28420\" class=\"elementor elementor-28420 elementor-865\" data-elementor-post-type=\"page\">\n\t\t\t\t<div class=\"elementor-element elementor-element-4344e8e e-flex e-con-boxed wpr-particle-no wpr-jarallax-no wpr-parallax-no wpr-sticky-section-no e-con e-parent\" data-id=\"4344e8e\" data-element_type=\"container\" data-e-type=\"container\" data-settings=\"{&quot;background_background&quot;:&quot;classic&quot;}\">\n\t\t\t\t\t<div class=\"e-con-inner\">\n\t\t\t\t<div class=\"elementor-element elementor-element-713599a elementor-widget-mobile__width-initial elementor-widget elementor-widget-heading\" data-id=\"713599a\" data-element_type=\"widget\" data-e-type=\"widget\" data-widget_type=\"heading.default\">\n\t\t\t\t<div class=\"elementor-widget-container\">\n\t\t\t\t\t<h1 class=\"elementor-heading-title elementor-size-default\">Cambie de Contador<\/h1>\t\t\t\t<\/div>\n\t\t\t\t<\/div>\n\t\t\t\t<div class=\"elementor-element elementor-element-f6c6718 elementor-widget__width-initial elementor-widget-mobile__width-inherit elementor-widget elementor-widget-heading\" data-id=\"f6c6718\" data-element_type=\"widget\" data-e-type=\"widget\" data-widget_type=\"heading.default\">\n\t\t\t\t<div class=\"elementor-widget-container\">\n\t\t\t\t\t<h2 class=\"elementor-heading-title elementor-size-default\">Contacto<\/h2>\t\t\t\t<\/div>\n\t\t\t\t<\/div>\n\t\t\t\t<div class=\"elementor-element elementor-element-f35b9a8 elementor-widget elementor-widget-shortcode\" data-id=\"f35b9a8\" data-element_type=\"widget\" data-e-type=\"widget\" data-widget_type=\"shortcode.default\">\n\t\t\t\t<div class=\"elementor-widget-container\">\n\t\t\t\t\t\t\t<div class=\"elementor-shortcode\"><span><span><a href=\"https:\/\/confirp.com.br\/es\/inicio\/\">Home<\/a><\/span><\/span><\/div>\n\t\t\t\t\t\t<\/div>\n\t\t\t\t<\/div>\n\t\t\t\t\t<\/div>\n\t\t\t\t<\/div>\n\t\t<div class=\"elementor-element elementor-element-7f3d5ce e-flex e-con-boxed wpr-particle-no wpr-jarallax-no wpr-parallax-no wpr-sticky-section-no e-con e-parent\" data-id=\"7f3d5ce\" data-element_type=\"container\" data-e-type=\"container\">\n\t\t\t\t\t<div class=\"e-con-inner\">\n\t\t<div class=\"elementor-element elementor-element-0ea19ea e-con-full e-flex wpr-particle-no wpr-jarallax-no wpr-parallax-no wpr-sticky-section-no e-con e-child\" data-id=\"0ea19ea\" data-element_type=\"container\" data-e-type=\"container\">\n\t\t\t\t<div class=\"elementor-element elementor-element-d86d6f5 elementor-widget elementor-widget-jet-tabs\" data-id=\"d86d6f5\" data-element_type=\"widget\" data-e-type=\"widget\" data-settings=\"{&quot;tabs_position&quot;:&quot;top&quot;,&quot;no_active_tabs&quot;:&quot;false&quot;}\" data-widget_type=\"jet-tabs.default\">\n\t\t\t\t<div class=\"elementor-widget-container\">\n\t\t\t\t\t\n\t\t<div class=\"jet-tabs jet-tabs-position-top jet-tabs-move-up-effect  \" data-settings=\"{&quot;activeIndex&quot;:0,&quot;event&quot;:&quot;click&quot;,&quot;autoSwitch&quot;:false,&quot;autoSwitchDelay&quot;:3000,&quot;ajaxTemplate&quot;:false,&quot;tabsPosition&quot;:&quot;top&quot;,&quot;switchScrolling&quot;:false,&quot;switchScrollingOffset&quot;:0}\">\n\t\t\t\t\t\t<div class=\"jet-tabs__control-wrapper\" role=\"tablist\">\n\n                                    <div id=\"jet-tabs-control-2261\" class=\"jet-tabs__control jet-tabs__control-icon-left elementor-menu-anchor active-tab \" data-tab=\"1\" tabindex=\"0\" role=\"tab\" aria-controls=\"jet-tabs-content-2261\" aria-expanded=\"true\" data-template-id=\"879\"><div class=\"jet-tabs__control-inner\"><div class=\"jet-tabs__label-icon jet-tabs-icon\"><svg xmlns=\"http:\/\/www.w3.org\/2000\/svg\" width=\"20\" height=\"20\" viewBox=\"0 0 20 20\" fill=\"none\"><path d=\"M18.3333 9.23333V10C18.3323 11.797 17.7504 13.5456 16.6744 14.9849C15.5985 16.4241 14.0861 17.4771 12.3628 17.9866C10.6395 18.4961 8.79771 18.4349 7.11205 17.8122C5.42639 17.1894 3.9872 16.0384 3.00912 14.5309C2.03105 13.0234 1.56648 11.2401 1.68472 9.44693C1.80296 7.6538 2.49766 5.94694 3.66522 4.58089C4.83278 3.21485 6.41064 2.26282 8.16348 1.86679C9.91632 1.47076 11.7502 1.65195 13.3917 2.38333\" stroke=\"#6EBF2C\" stroke-width=\"2\" stroke-linecap=\"round\" stroke-linejoin=\"round\"><\/path><path d=\"M18.3333 3.33333L10 11.675L7.5 9.175\" stroke=\"#6EBF2C\" stroke-width=\"2\" stroke-linecap=\"round\" stroke-linejoin=\"round\"><\/path><\/svg><\/div><div class=\"jet-tabs__label-text\">Comercial<\/div><\/div><\/div><div id=\"jet-tabs-control-2262\" class=\"jet-tabs__control jet-tabs__control-icon-left elementor-menu-anchor  \" data-tab=\"2\" tabindex=\"0\" role=\"tab\" aria-controls=\"jet-tabs-content-2262\" aria-expanded=\"false\" data-template-id=\"893\"><div class=\"jet-tabs__control-inner\"><div class=\"jet-tabs__label-icon jet-tabs-icon\"><svg xmlns=\"http:\/\/www.w3.org\/2000\/svg\" width=\"20\" height=\"20\" viewBox=\"0 0 20 20\" fill=\"none\"><path d=\"M18.3333 9.23333V10C18.3323 11.797 17.7504 13.5456 16.6744 14.9849C15.5985 16.4241 14.0861 17.4771 12.3628 17.9866C10.6395 18.4961 8.79771 18.4349 7.11205 17.8122C5.42639 17.1894 3.9872 16.0384 3.00912 14.5309C2.03105 13.0234 1.56648 11.2401 1.68472 9.44693C1.80296 7.6538 2.49766 5.94694 3.66522 4.58089C4.83278 3.21485 6.41064 2.26282 8.16348 1.86679C9.91632 1.47076 11.7502 1.65195 13.3917 2.38333\" stroke=\"#6EBF2C\" stroke-width=\"2\" stroke-linecap=\"round\" stroke-linejoin=\"round\"><\/path><path d=\"M18.3333 3.33333L10 11.675L7.5 9.175\" stroke=\"#6EBF2C\" stroke-width=\"2\" stroke-linecap=\"round\" stroke-linejoin=\"round\"><\/path><\/svg><\/div><div class=\"jet-tabs__label-text\">Atenci\u00f3n al cliente<\/div><\/div><\/div>\n                    \t\t\t    <\/div>\n\t\t\t<div class=\"jet-tabs__content-wrapper\">\n\t\t\t\t<div id=\"jet-tabs-content-2261\" class=\"jet-tabs__content active-content\" data-tab=\"1\" role=\"tabpanel\" aria-hidden=\"false\" data-template-id=\"879\">\t\t<div data-elementor-type=\"page\" data-elementor-id=\"28605\" class=\"elementor elementor-28605 elementor-879 elementor-879\" data-elementor-post-type=\"elementor_library\">\n\t\t\t\t<div class=\"elementor-element elementor-element-235bd82 e-flex e-con-boxed wpr-particle-no wpr-jarallax-no wpr-parallax-no wpr-sticky-section-no e-con e-parent\" data-id=\"235bd82\" data-element_type=\"container\" data-e-type=\"container\">\n\t\t\t\t\t<div class=\"e-con-inner\">\n\t\t<div class=\"elementor-element elementor-element-865b14f e-con-full e-flex wpr-particle-no wpr-jarallax-no wpr-parallax-no wpr-sticky-section-no e-con e-child\" data-id=\"865b14f\" data-element_type=\"container\" data-e-type=\"container\">\n\t\t\t\t<div class=\"elementor-element elementor-element-408d71b elementor-widget elementor-widget-heading\" data-id=\"408d71b\" data-element_type=\"widget\" data-e-type=\"widget\" data-widget_type=\"heading.default\">\n\t\t\t\t<div class=\"elementor-widget-container\">\n\t\t\t\t\t<h2 class=\"elementor-heading-title elementor-size-default\">\u00a1Cambie su asesor\u00eda contable ahora!<\/h2>\t\t\t\t<\/div>\n\t\t\t\t<\/div>\n\t\t\t\t<div class=\"elementor-element elementor-element-4ac483b elementor-widget__width-initial elementor-widget-mobile__width-inherit elementor-widget elementor-widget-text-editor\" data-id=\"4ac483b\" data-element_type=\"widget\" data-e-type=\"widget\" data-widget_type=\"text-editor.default\">\n\t\t\t\t<div class=\"elementor-widget-container\">\n\t\t\t\t\t\t\t\t\t<p>Confirp es un referente en servicios contables desde hace m\u00e1s de 39 a\u00f1os, ofreciendo soluciones completas para empresas que buscan calidad, confianza y resultados. Nuestro equipo especializado est\u00e1 preparado para atender sus necesidades con agilidad y una experiencia reconocida en el mercado. <\/p><p>Hable ahora con uno de nuestros Gerentes de Nuevos Negocios:<br>Tel\u00e9fono: +55 (11) 5078-3000<br>Correo electr\u00f3nico: comercial@confirp.com<\/p><p>O rellene el formulario de al lado y nos pondremos en contacto con usted.<\/p>\t\t\t\t\t\t\t\t<\/div>\n\t\t\t\t<\/div>\n\t\t\t\t<\/div>\n\t\t<div class=\"elementor-element elementor-element-ea78969 e-con-full e-flex wpr-particle-no wpr-jarallax-no wpr-parallax-no wpr-sticky-section-no e-con e-child\" data-id=\"ea78969\" data-element_type=\"container\" data-e-type=\"container\">\n\t\t<div class=\"elementor-element elementor-element-05527d6 e-flex e-con-boxed wpr-particle-no wpr-jarallax-no wpr-parallax-no wpr-sticky-section-no e-con e-child\" data-id=\"05527d6\" data-element_type=\"container\" data-e-type=\"container\">\n\t\t\t\t\t<div class=\"e-con-inner\">\n\t\t\t\t<div class=\"elementor-element elementor-element-b4214dc elementor-widget elementor-widget-html\" data-id=\"b4214dc\" data-element_type=\"widget\" data-e-type=\"widget\" data-widget_type=\"html.default\">\n\t\t\t\t<div class=\"elementor-widget-container\">\n\t\t\t\t\t<div role=\"main\" id=\"formulario-contato-comercial-site-8ad141ba8588aa9f8b75\"><\/div><script type=\"text\/javascript\" src=\"https:\/\/d335luupugsy2.cloudfront.net\/js\/rdstation-forms\/stable\/rdstation-forms.min.js\"><\/script><script type=\"text\/javascript\"> new RDStationForms('formulario-contato-comercial-site-8ad141ba8588aa9f8b75', 'UA-39008973-1').createForm();<\/script>\t\t\t\t<\/div>\n\t\t\t\t<\/div>\n\t\t\t\t\t<\/div>\n\t\t\t\t<\/div>\n\t\t\t\t<\/div>\n\t\t\t\t\t<\/div>\n\t\t\t\t<\/div>\n\t\t\t\t<\/div>\n\t\t<\/div><div id=\"jet-tabs-content-2262\" class=\"jet-tabs__content \" data-tab=\"2\" role=\"tabpanel\" aria-hidden=\"true\" data-template-id=\"893\">\t\t<div data-elementor-type=\"page\" data-elementor-id=\"28608\" class=\"elementor elementor-28608 elementor-893 elementor-893\" data-elementor-post-type=\"elementor_library\">\n\t\t\t\t<div class=\"elementor-element elementor-element-235bd82 e-flex e-con-boxed wpr-particle-no wpr-jarallax-no wpr-parallax-no wpr-sticky-section-no e-con e-parent\" data-id=\"235bd82\" data-element_type=\"container\" data-e-type=\"container\">\n\t\t\t\t\t<div class=\"e-con-inner\">\n\t\t<div class=\"elementor-element elementor-element-865b14f e-con-full e-flex wpr-particle-no wpr-jarallax-no wpr-parallax-no wpr-sticky-section-no e-con e-child\" data-id=\"865b14f\" data-element_type=\"container\" data-e-type=\"container\">\n\t\t\t\t<div class=\"elementor-element elementor-element-408d71b elementor-widget elementor-widget-heading\" data-id=\"408d71b\" data-element_type=\"widget\" data-e-type=\"widget\" data-widget_type=\"heading.default\">\n\t\t\t\t<div class=\"elementor-widget-container\">\n\t\t\t\t\t<h2 class=\"elementor-heading-title elementor-size-default\">Atenci\u00f3n al cliente<\/h2>\t\t\t\t<\/div>\n\t\t\t\t<\/div>\n\t\t\t\t<div class=\"elementor-element elementor-element-4ac483b elementor-widget__width-initial elementor-widget-mobile__width-inherit elementor-widget elementor-widget-text-editor\" data-id=\"4ac483b\" data-element_type=\"widget\" data-e-type=\"widget\" data-widget_type=\"text-editor.default\">\n\t\t\t\t<div class=\"elementor-widget-container\">\n\t\t\t\t\t\t\t\t\t<p><strong>\u00bfC\u00f3mo podemos ayudarle?<\/strong><\/p><p>Ponemos a su disposici\u00f3n el Servicio de Atenci\u00f3n al Cliente (SAC), un canal directo con el \u00c1rea de Calidad, esencial para medir la satisfacci\u00f3n de los clientes y apoyar decisiones que promuevan la mejora continua de nuestros servicios, reforzando a Confirp como referente en contabilidad.<\/p><p>P\u00f3ngase en contacto a trav\u00e9s del tel\u00e9fono + 55 <a href=\"tel:+551150783000\">(11) 5078-3000<\/a> o del correo electr\u00f3nico sac@confirp.com para registrar elogios, cr\u00edticas o sugerencias.<\/p>\t\t\t\t\t\t\t\t<\/div>\n\t\t\t\t<\/div>\n\t\t\t\t<div class=\"elementor-element elementor-element-aee543c elementor-widget__width-initial elementor-widget-mobile__width-inherit elementor-widget elementor-widget-text-editor\" data-id=\"aee543c\" data-element_type=\"widget\" data-e-type=\"widget\" data-widget_type=\"text-editor.default\">\n\t\t\t\t<div class=\"elementor-widget-container\">\n\t\t\t\t\t\t\t\t\t<p><strong>Contactos directos por sector:<\/strong><\/p><p>Contabilidad \u2013 +55 (11) 5078-3072<br>Laboral \/ RR. HH. \u2013 +55 (11) 5078-3045<br>Fiscal, Tributario y Servicios Especiales \u2013 +55 (11) 5078-3052<br>Societario \/ Legal \u2013 +55 (11) 5078-3060<br>Comercial \u2013 +55 (11) 5078-3000<br>Impuesto a la Renta \u2013 +55 (11) 5078-3055<\/p>\t\t\t\t\t\t\t\t<\/div>\n\t\t\t\t<\/div>\n\t\t\t\t<\/div>\n\t\t<div class=\"elementor-element elementor-element-ea78969 e-con-full e-flex wpr-particle-no wpr-jarallax-no wpr-parallax-no wpr-sticky-section-no e-con e-child\" data-id=\"ea78969\" data-element_type=\"container\" data-e-type=\"container\">\n\t\t<div class=\"elementor-element elementor-element-05527d6 e-flex e-con-boxed wpr-particle-no wpr-jarallax-no wpr-parallax-no wpr-sticky-section-no e-con e-child\" data-id=\"05527d6\" data-element_type=\"container\" data-e-type=\"container\">\n\t\t\t\t\t<div class=\"e-con-inner\">\n\t\t\t\t<div class=\"elementor-element elementor-element-7d8be41 elementor-widget elementor-widget-html\" data-id=\"7d8be41\" data-element_type=\"widget\" data-e-type=\"widget\" data-widget_type=\"html.default\">\n\t\t\t\t<div class=\"elementor-widget-container\">\n\t\t\t\t\t<div role=\"main\" id=\"pagina-faleconosco-site-a4ee1c297da23cee68ea\"><\/div><script type=\"text\/javascript\" src=\"https:\/\/d335luupugsy2.cloudfront.net\/js\/rdstation-forms\/stable\/rdstation-forms.min.js\"><\/script><script type=\"text\/javascript\"> new RDStationForms('pagina-faleconosco-site-a4ee1c297da23cee68ea', 'UA-39008973-1').createForm();<\/script>\t\t\t\t<\/div>\n\t\t\t\t<\/div>\n\t\t\t\t\t<\/div>\n\t\t\t\t<\/div>\n\t\t\t\t<\/div>\n\t\t\t\t\t<\/div>\n\t\t\t\t<\/div>\n\t\t\t\t<\/div>\n\t\t<\/div>\t\t\t<\/div>\n\t\t\t\t\t<\/div>\n\t\t\t\t\t\t<\/div>\n\t\t\t\t<\/div>\n\t\t\t\t<\/div>\n\t\t\t\t\t<\/div>\n\t\t\t\t<\/div>\n\t\t\t\t<\/div>\n\t\t","protected":false},"excerpt":{"rendered":"<p>Cambie de Contador Contacto ComercialAtenci\u00f3n al cliente \u00a1Cambie su asesor\u00eda contable ahora! Confirp es un referente en servicios contables desde hace m\u00e1s de 39 a\u00f1os, ofreciendo soluciones completas para empresas que buscan calidad, confianza y resultados. Nuestro equipo especializado est\u00e1 preparado para atender sus necesidades con agilidad y una experiencia reconocida en el mercado. Hable ahora con uno de nuestros Gerentes de Nuevos Negocios:Tel\u00e9fono: +55 (11) 5078-3000Correo electr\u00f3nico: comercial@confirp.com O rellene el formulario de al lado y nos pondremos en contacto con usted. Atenci\u00f3n al cliente \u00bfC\u00f3mo podemos ayudarle? Ponemos a su disposici\u00f3n el Servicio de Atenci\u00f3n al Cliente (SAC), un canal directo con el \u00c1rea de Calidad, esencial para medir la satisfacci\u00f3n de los clientes y apoyar decisiones que promuevan la mejora continua de nuestros servicios, reforzando a Confirp como referente en contabilidad. P\u00f3ngase en contacto a trav\u00e9s del tel\u00e9fono + 55 (11) 5078-3000 o del correo electr\u00f3nico sac@confirp.com para registrar elogios, cr\u00edticas o sugerencias. Contactos directos por sector: Contabilidad \u2013 +55 (11) 5078-3072Laboral \/ RR. HH. \u2013 +55 (11) 5078-3045Fiscal, Tributario y Servicios Especiales \u2013 +55 (11) 5078-3052Societario \/ Legal \u2013 +55 (11) 5078-3060Comercial \u2013 +55 (11) 5078-3000Impuesto a la Renta \u2013 +55 (11) 5078-3055<\/p>\n","protected":false},"author":2,"featured_media":28385,"parent":0,"menu_order":0,"comment_status":"closed","ping_status":"closed","template":"elementor_header_footer","meta":{"om_disable_all_campaigns":false,"_monsterinsights_skip_tracking":false,"_monsterinsights_sitenote_active":false,"_monsterinsights_sitenote_note":"","_monsterinsights_sitenote_category":0,"_uf_show_specific_survey":0,"_uf_disable_surveys":false,"footnotes":""},"class_list":["post-28420","page","type-page","status-publish","has-post-thumbnail","hentry"],"yoast_head":"<!-- This site is optimized with the Yoast SEO plugin v27.4 - https:\/\/yoast.com\/product\/yoast-seo-wordpress\/ -->\n<title>Contacte con nosotros | Confirp<\/title>\n<meta name=\"description\" content=\"\u00a1P\u00f3ngase en contacto con Confirp! Resuelva sus dudas, solicite una consultor\u00eda y hable con nuestros especialistas en contabilidad.\" \/>\n<meta name=\"robots\" content=\"index, follow, max-snippet:-1, max-image-preview:large, max-video-preview:-1\" \/>\n<link rel=\"canonical\" href=\"https:\/\/confirp.com.br\/es\/contacte-con-nosotros\/\" \/>\n<meta property=\"og:locale\" content=\"es_ES\" \/>\n<meta property=\"og:type\" content=\"article\" \/>\n<meta property=\"og:title\" content=\"Contacte con nosotros | Confirp\" \/>\n<meta property=\"og:description\" content=\"\u00a1P\u00f3ngase en contacto con Confirp! Resuelva sus dudas, solicite una consultor\u00eda y hable con nuestros especialistas en contabilidad.\" \/>\n<meta property=\"og:url\" content=\"https:\/\/confirp.com.br\/es\/contacte-con-nosotros\/\" \/>\n<meta property=\"og:site_name\" content=\"CONFIRP\" \/>\n<meta property=\"article:modified_time\" content=\"2026-03-09T17:37:22+00:00\" \/>\n<meta property=\"og:image\" content=\"https:\/\/confirp.com.br\/wp-content\/uploads\/2025\/08\/confirp_banner3_whats_ago_SITE_MOBILE-1.png\" \/>\n\t<meta property=\"og:image:width\" content=\"473\" \/>\n\t<meta property=\"og:image:height\" content=\"618\" \/>\n\t<meta property=\"og:image:type\" content=\"image\/png\" \/>\n<meta name=\"twitter:card\" content=\"summary_large_image\" \/>\n<meta name=\"twitter:label1\" content=\"Tiempo de lectura\" \/>\n\t<meta name=\"twitter:data1\" content=\"3 minutos\" \/>\n<script type=\"application\/ld+json\" class=\"yoast-schema-graph\">{\"@context\":\"https:\\\/\\\/schema.org\",\"@graph\":[{\"@type\":\"WebPage\",\"@id\":\"https:\\\/\\\/confirp.com.br\\\/es\\\/contacte-con-nosotros\\\/\",\"url\":\"https:\\\/\\\/confirp.com.br\\\/es\\\/contacte-con-nosotros\\\/\",\"name\":\"Contacte con nosotros | Confirp\",\"isPartOf\":{\"@id\":\"https:\\\/\\\/confirp.com.br\\\/es\\\/#website\"},\"primaryImageOfPage\":{\"@id\":\"https:\\\/\\\/confirp.com.br\\\/es\\\/contacte-con-nosotros\\\/#primaryimage\"},\"image\":{\"@id\":\"https:\\\/\\\/confirp.com.br\\\/es\\\/contacte-con-nosotros\\\/#primaryimage\"},\"thumbnailUrl\":\"https:\\\/\\\/confirp.com.br\\\/wp-content\\\/uploads\\\/2025\\\/08\\\/confirp_banner3_whats_ago_SITE_MOBILE-1.png\",\"datePublished\":\"2022-08-10T18:48:09+00:00\",\"dateModified\":\"2026-03-09T17:37:22+00:00\",\"description\":\"\u00a1P\u00f3ngase en contacto con Confirp! Resuelva sus dudas, solicite una consultor\u00eda y hable con nuestros especialistas en contabilidad.\",\"breadcrumb\":{\"@id\":\"https:\\\/\\\/confirp.com.br\\\/es\\\/contacte-con-nosotros\\\/#breadcrumb\"},\"inLanguage\":\"es\",\"potentialAction\":[{\"@type\":\"ReadAction\",\"target\":[\"https:\\\/\\\/confirp.com.br\\\/es\\\/contacte-con-nosotros\\\/\"]}]},{\"@type\":\"ImageObject\",\"inLanguage\":\"es\",\"@id\":\"https:\\\/\\\/confirp.com.br\\\/es\\\/contacte-con-nosotros\\\/#primaryimage\",\"url\":\"https:\\\/\\\/confirp.com.br\\\/wp-content\\\/uploads\\\/2025\\\/08\\\/confirp_banner3_whats_ago_SITE_MOBILE-1.png\",\"contentUrl\":\"https:\\\/\\\/confirp.com.br\\\/wp-content\\\/uploads\\\/2025\\\/08\\\/confirp_banner3_whats_ago_SITE_MOBILE-1.png\",\"width\":473,\"height\":618},{\"@type\":\"BreadcrumbList\",\"@id\":\"https:\\\/\\\/confirp.com.br\\\/es\\\/contacte-con-nosotros\\\/#breadcrumb\",\"itemListElement\":[{\"@type\":\"ListItem\",\"position\":1,\"name\":\"Home\",\"item\":\"https:\\\/\\\/confirp.com.br\\\/es\\\/inicio\\\/\"},{\"@type\":\"ListItem\",\"position\":2,\"name\":\"Contacto\"}]},{\"@type\":\"WebSite\",\"@id\":\"https:\\\/\\\/confirp.com.br\\\/es\\\/#website\",\"url\":\"https:\\\/\\\/confirp.com.br\\\/es\\\/\",\"name\":\"CONFIRP\",\"description\":\"\",\"publisher\":{\"@id\":\"https:\\\/\\\/confirp.com.br\\\/es\\\/#organization\"},\"potentialAction\":[{\"@type\":\"SearchAction\",\"target\":{\"@type\":\"EntryPoint\",\"urlTemplate\":\"https:\\\/\\\/confirp.com.br\\\/es\\\/?s={search_term_string}\"},\"query-input\":{\"@type\":\"PropertyValueSpecification\",\"valueRequired\":true,\"valueName\":\"search_term_string\"}}],\"inLanguage\":\"es\"},{\"@type\":\"Organization\",\"@id\":\"https:\\\/\\\/confirp.com.br\\\/es\\\/#organization\",\"name\":\"CONFIRP\",\"url\":\"https:\\\/\\\/confirp.com.br\\\/es\\\/\",\"logo\":{\"@type\":\"ImageObject\",\"inLanguage\":\"es\",\"@id\":\"https:\\\/\\\/confirp.com.br\\\/es\\\/#\\\/schema\\\/logo\\\/image\\\/\",\"url\":\"https:\\\/\\\/confirp.com.br\\\/wp-content\\\/uploads\\\/2018\\\/09\\\/logo-confirp.svg\",\"contentUrl\":\"https:\\\/\\\/confirp.com.br\\\/wp-content\\\/uploads\\\/2018\\\/09\\\/logo-confirp.svg\",\"width\":176,\"height\":40,\"caption\":\"CONFIRP\"},\"image\":{\"@id\":\"https:\\\/\\\/confirp.com.br\\\/es\\\/#\\\/schema\\\/logo\\\/image\\\/\"}}]}<\/script>\n<!-- \/ Yoast SEO plugin. -->","yoast_head_json":{"title":"Contacte con nosotros | Confirp","description":"\u00a1P\u00f3ngase en contacto con Confirp! Resuelva sus dudas, solicite una consultor\u00eda y hable con nuestros especialistas en contabilidad.","robots":{"index":"index","follow":"follow","max-snippet":"max-snippet:-1","max-image-preview":"max-image-preview:large","max-video-preview":"max-video-preview:-1"},"canonical":"https:\/\/confirp.com.br\/es\/contacte-con-nosotros\/","og_locale":"es_ES","og_type":"article","og_title":"Contacte con nosotros | Confirp","og_description":"\u00a1P\u00f3ngase en contacto con Confirp! Resuelva sus dudas, solicite una consultor\u00eda y hable con nuestros especialistas en contabilidad.","og_url":"https:\/\/confirp.com.br\/es\/contacte-con-nosotros\/","og_site_name":"CONFIRP","article_modified_time":"2026-03-09T17:37:22+00:00","og_image":[{"width":473,"height":618,"url":"https:\/\/confirp.com.br\/wp-content\/uploads\/2025\/08\/confirp_banner3_whats_ago_SITE_MOBILE-1.png","type":"image\/png"}],"twitter_card":"summary_large_image","twitter_misc":{"Tiempo de lectura":"3 minutos"},"schema":{"@context":"https:\/\/schema.org","@graph":[{"@type":"WebPage","@id":"https:\/\/confirp.com.br\/es\/contacte-con-nosotros\/","url":"https:\/\/confirp.com.br\/es\/contacte-con-nosotros\/","name":"Contacte con nosotros | Confirp","isPartOf":{"@id":"https:\/\/confirp.com.br\/es\/#website"},"primaryImageOfPage":{"@id":"https:\/\/confirp.com.br\/es\/contacte-con-nosotros\/#primaryimage"},"image":{"@id":"https:\/\/confirp.com.br\/es\/contacte-con-nosotros\/#primaryimage"},"thumbnailUrl":"https:\/\/confirp.com.br\/wp-content\/uploads\/2025\/08\/confirp_banner3_whats_ago_SITE_MOBILE-1.png","datePublished":"2022-08-10T18:48:09+00:00","dateModified":"2026-03-09T17:37:22+00:00","description":"\u00a1P\u00f3ngase en contacto con Confirp! Resuelva sus dudas, solicite una consultor\u00eda y hable con nuestros especialistas en contabilidad.","breadcrumb":{"@id":"https:\/\/confirp.com.br\/es\/contacte-con-nosotros\/#breadcrumb"},"inLanguage":"es","potentialAction":[{"@type":"ReadAction","target":["https:\/\/confirp.com.br\/es\/contacte-con-nosotros\/"]}]},{"@type":"ImageObject","inLanguage":"es","@id":"https:\/\/confirp.com.br\/es\/contacte-con-nosotros\/#primaryimage","url":"https:\/\/confirp.com.br\/wp-content\/uploads\/2025\/08\/confirp_banner3_whats_ago_SITE_MOBILE-1.png","contentUrl":"https:\/\/confirp.com.br\/wp-content\/uploads\/2025\/08\/confirp_banner3_whats_ago_SITE_MOBILE-1.png","width":473,"height":618},{"@type":"BreadcrumbList","@id":"https:\/\/confirp.com.br\/es\/contacte-con-nosotros\/#breadcrumb","itemListElement":[{"@type":"ListItem","position":1,"name":"Home","item":"https:\/\/confirp.com.br\/es\/inicio\/"},{"@type":"ListItem","position":2,"name":"Contacto"}]},{"@type":"WebSite","@id":"https:\/\/confirp.com.br\/es\/#website","url":"https:\/\/confirp.com.br\/es\/","name":"CONFIRP","description":"","publisher":{"@id":"https:\/\/confirp.com.br\/es\/#organization"},"potentialAction":[{"@type":"SearchAction","target":{"@type":"EntryPoint","urlTemplate":"https:\/\/confirp.com.br\/es\/?s={search_term_string}"},"query-input":{"@type":"PropertyValueSpecification","valueRequired":true,"valueName":"search_term_string"}}],"inLanguage":"es"},{"@type":"Organization","@id":"https:\/\/confirp.com.br\/es\/#organization","name":"CONFIRP","url":"https:\/\/confirp.com.br\/es\/","logo":{"@type":"ImageObject","inLanguage":"es","@id":"https:\/\/confirp.com.br\/es\/#\/schema\/logo\/image\/","url":"https:\/\/confirp.com.br\/wp-content\/uploads\/2018\/09\/logo-confirp.svg","contentUrl":"https:\/\/confirp.com.br\/wp-content\/uploads\/2018\/09\/logo-confirp.svg","width":176,"height":40,"caption":"CONFIRP"},"image":{"@id":"https:\/\/confirp.com.br\/es\/#\/schema\/logo\/image\/"}}]}},"_links":{"self":[{"href":"https:\/\/confirp.com.br\/es\/wp-json\/wp\/v2\/pages\/28420","targetHints":{"allow":["GET"]}}],"collection":[{"href":"https:\/\/confirp.com.br\/es\/wp-json\/wp\/v2\/pages"}],"about":[{"href":"https:\/\/confirp.com.br\/es\/wp-json\/wp\/v2\/types\/page"}],"author":[{"embeddable":true,"href":"https:\/\/confirp.com.br\/es\/wp-json\/wp\/v2\/users\/2"}],"replies":[{"embeddable":true,"href":"https:\/\/confirp.com.br\/es\/wp-json\/wp\/v2\/comments?post=28420"}],"version-history":[{"count":0,"href":"https:\/\/confirp.com.br\/es\/wp-json\/wp\/v2\/pages\/28420\/revisions"}],"wp:featuredmedia":[{"embeddable":true,"href":"https:\/\/confirp.com.br\/es\/wp-json\/wp\/v2\/media\/28385"}],"wp:attachment":[{"href":"https:\/\/confirp.com.br\/es\/wp-json\/wp\/v2\/media?parent=28420"}],"curies":[{"name":"wp","href":"https:\/\/api.w.org\/{rel}","templated":true}]}}