{"id":28410,"date":"2022-08-04T16:58:19","date_gmt":"2022-08-04T19:58:19","guid":{"rendered":"https:\/\/confirp.com.br\/quienes-somos\/"},"modified":"2026-03-06T15:04:13","modified_gmt":"2026-03-06T18:04:13","slug":"quienes-somos","status":"publish","type":"page","link":"https:\/\/confirp.com.br\/es\/quienes-somos\/","title":{"rendered":"Qui\u00e9nes somos"},"content":{"rendered":"\t\t<div data-elementor-type=\"wp-page\" data-elementor-id=\"28410\" class=\"elementor elementor-28410 elementor-477\" data-elementor-post-type=\"page\">\n\t\t\t\t<div class=\"elementor-element elementor-element-dc2201c e-flex e-con-boxed wpr-particle-no wpr-jarallax-no wpr-parallax-no wpr-sticky-section-no e-con e-parent\" data-id=\"dc2201c\" data-element_type=\"container\" data-e-type=\"container\" data-settings=\"{&quot;background_background&quot;:&quot;classic&quot;}\">\n\t\t\t\t\t<div class=\"e-con-inner\">\n\t\t\t\t<div class=\"elementor-element elementor-element-ee0e8fe elementor-widget-mobile__width-initial elementor-widget elementor-widget-heading\" data-id=\"ee0e8fe\" data-element_type=\"widget\" data-e-type=\"widget\" data-widget_type=\"heading.default\">\n\t\t\t\t<div class=\"elementor-widget-container\">\n\t\t\t\t\t<h1 class=\"elementor-heading-title elementor-size-default\">Despacho contable<\/h1>\t\t\t\t<\/div>\n\t\t\t\t<\/div>\n\t\t\t\t<div class=\"elementor-element elementor-element-ee8af3b elementor-widget__width-initial elementor-widget-mobile__width-inherit elementor-widget elementor-widget-heading\" data-id=\"ee8af3b\" data-element_type=\"widget\" data-e-type=\"widget\" data-widget_type=\"heading.default\">\n\t\t\t\t<div class=\"elementor-widget-container\">\n\t\t\t\t\t<h2 class=\"elementor-heading-title elementor-size-default\">Qui\u00e9nes somos<\/h2>\t\t\t\t<\/div>\n\t\t\t\t<\/div>\n\t\t\t\t<div class=\"elementor-element elementor-element-64de427 elementor-widget elementor-widget-shortcode\" data-id=\"64de427\" data-element_type=\"widget\" data-e-type=\"widget\" data-widget_type=\"shortcode.default\">\n\t\t\t\t<div class=\"elementor-widget-container\">\n\t\t\t\t\t\t\t<div class=\"elementor-shortcode\"><span><span><a href=\"https:\/\/confirp.com.br\/es\/inicio\/\">Home<\/a><\/span><\/span><\/div>\n\t\t\t\t\t\t<\/div>\n\t\t\t\t<\/div>\n\t\t\t\t\t<\/div>\n\t\t\t\t<\/div>\n\t\t<div class=\"elementor-element elementor-element-df8cfe5 e-flex e-con-boxed wpr-particle-no wpr-jarallax-no wpr-parallax-no wpr-sticky-section-no e-con e-parent\" data-id=\"df8cfe5\" data-element_type=\"container\" data-e-type=\"container\">\n\t\t\t\t\t<div class=\"e-con-inner\">\n\t\t<div class=\"elementor-element elementor-element-b2f4a36 e-con-full e-flex wpr-particle-no wpr-jarallax-no wpr-parallax-no wpr-sticky-section-no e-con e-child\" data-id=\"b2f4a36\" data-element_type=\"container\" data-e-type=\"container\">\n\t\t\t\t<div class=\"elementor-element elementor-element-ad47038 elementor-widget__width-auto elementor-absolute elementor-hidden-mobile elementor-invisible elementor-widget elementor-widget-image\" data-id=\"ad47038\" data-element_type=\"widget\" data-e-type=\"widget\" data-settings=\"{&quot;_position&quot;:&quot;absolute&quot;,&quot;_animation&quot;:&quot;rotateIn&quot;}\" data-widget_type=\"image.default\">\n\t\t\t\t<div class=\"elementor-widget-container\">\n\t\t\t\t\t\t\t\t\t\t\t\t\t\t\t<img decoding=\"async\" width=\"135\" height=\"135\" src=\"https:\/\/confirp.com.br\/wp-content\/uploads\/2022\/08\/contabilidade-digital-confirp-1.svg\" class=\"attachment-large size-large wp-image-28279\" alt=\"contabilidad digital confirp\" \/>\t\t\t\t\t\t\t\t\t\t\t\t\t\t\t<\/div>\n\t\t\t\t<\/div>\n\t\t\t\t<div class=\"elementor-element elementor-element-73a9a6d elementor-widget__width-auto elementor-absolute elementor-hidden-mobile elementor-invisible elementor-widget elementor-widget-image\" data-id=\"73a9a6d\" data-element_type=\"widget\" data-e-type=\"widget\" data-settings=\"{&quot;_position&quot;:&quot;absolute&quot;,&quot;_animation&quot;:&quot;rotateIn&quot;,&quot;_animation_delay&quot;:800}\" data-widget_type=\"image.default\">\n\t\t\t\t<div class=\"elementor-widget-container\">\n\t\t\t\t\t\t\t\t\t\t\t\t\t\t\t<img decoding=\"async\" width=\"168\" height=\"168\" src=\"https:\/\/confirp.com.br\/wp-content\/uploads\/2022\/08\/confirp-contabilidade-digital-sp03-1.png\" class=\"attachment-large size-large wp-image-28280\" alt=\"confirp contabilidad digital sp\" srcset=\"https:\/\/confirp.com.br\/wp-content\/uploads\/2022\/08\/confirp-contabilidade-digital-sp03-1.png 168w, https:\/\/confirp.com.br\/wp-content\/uploads\/2022\/08\/confirp-contabilidade-digital-sp03-1-150x150.png 150w\" sizes=\"(max-width: 168px) 100vw, 168px\" \/>\t\t\t\t\t\t\t\t\t\t\t\t\t\t\t<\/div>\n\t\t\t\t<\/div>\n\t\t\t\t<div class=\"elementor-element elementor-element-a94f231 elementor-widget elementor-widget-video\" data-id=\"a94f231\" data-element_type=\"widget\" data-e-type=\"widget\" data-settings=\"{&quot;youtube_url&quot;:&quot;https:\\\/\\\/youtu.be\\\/yUM4ogApdqQ&quot;,&quot;lazy_load&quot;:&quot;yes&quot;,&quot;video_type&quot;:&quot;youtube&quot;,&quot;controls&quot;:&quot;yes&quot;}\" data-widget_type=\"video.default\">\n\t\t\t\t<div class=\"elementor-widget-container\">\n\t\t\t\t\t\t\t<div class=\"elementor-wrapper elementor-open-inline\">\n\t\t\t<div class=\"elementor-video\"><\/div>\t\t<\/div>\n\t\t\t\t\t\t<\/div>\n\t\t\t\t<\/div>\n\t\t\t\t<\/div>\n\t\t<div class=\"elementor-element elementor-element-44ee639 e-con-full e-flex wpr-particle-no wpr-jarallax-no wpr-parallax-no wpr-sticky-section-no e-con e-child\" data-id=\"44ee639\" data-element_type=\"container\" data-e-type=\"container\">\n\t\t\t\t<div class=\"elementor-element elementor-element-29e57cf elementor-widget elementor-widget-heading\" data-id=\"29e57cf\" data-element_type=\"widget\" data-e-type=\"widget\" data-widget_type=\"heading.default\">\n\t\t\t\t<div class=\"elementor-widget-container\">\n\t\t\t\t\t<h2 class=\"elementor-heading-title elementor-size-default\"><span class=\"claro\">Nuestra <\/span>historia<\/h2>\t\t\t\t<\/div>\n\t\t\t\t<\/div>\n\t\t\t\t<div class=\"elementor-element elementor-element-e42879e elementor-widget__width-initial elementor-widget-mobile__width-inherit elementor-widget elementor-widget-text-editor\" data-id=\"e42879e\" data-element_type=\"widget\" data-e-type=\"widget\" data-widget_type=\"text-editor.default\">\n\t\t\t\t<div class=\"elementor-widget-container\">\n\t\t\t\t\t\t\t\t\t<p><span style=\"font-weight: 400;\">Confirp Contabilidade se constituy\u00f3 el 1 de julio de 1986 por el socio fundador Reinaldo Domingos. <\/span><span style=\"font-weight: 400;\">El nombre de la empresa se cre\u00f3 a partir de la uni\u00f3n de las palabras <\/span><b>CON<\/b><span style=\"font-weight: 400;\">tabilidad, <\/span><b>FI<\/b><span style=\"font-weight: 400;\">scal, <\/span><b>R<\/b><span style=\"font-weight: 400;\">esponsabilidad y <\/span><b>P<\/b><span style=\"font-weight: 400;\">untualidad. Con visi\u00f3n emprendedora y la intenci\u00f3n de ser una empresa de referencia en el mercado contable, Confirp fue concebida para ofrecer la mejor atenci\u00f3n a sus clientes, con trabajos diferenciados de los que hasta entonces se prestaban en Brasil.<\/span><\/p><p><span style=\"font-weight: 400;\">Tras 5 a\u00f1os, se incorpor\u00f3 a la sociedad el actual Director Ejecutivo, Richard Domingos, aportando su visi\u00f3n de los procesos como sustento del negocio, con foco en la tecnolog\u00eda y en la capacitaci\u00f3n de los profesionales. Hasta hoy, estas caracter\u00edsticas son pilares de la organizaci\u00f3n. <\/span><\/p><p><span style=\"font-weight: 400;\">A partir de 2010, para la consolidaci\u00f3n y expansi\u00f3n del negocio, la retenci\u00f3n de talento, una mayor sinergia en las acciones de direcci\u00f3n y la pluralidad en las decisiones, se instituy\u00f3 el programa \u201cPartnership\u201d, abriendo el capital de la empresa a sus principales profesionales, que asumir\u00e1n gradualmente la direcci\u00f3n de la compa\u00f1\u00eda, garantizando as\u00ed la continuidad y la perpetuidad de la empresa.<\/span><\/p><p><span style=\"font-weight: 400;\">Actualmente, Confirp cuenta con sede propia de seis plantas, aparcamiento, auditorio para eventos, salas de reuniones, restaurante, espacio de recreo y una infraestructura capaz de acoger a m\u00e1s de 200 personas. Con un equipo de 350 colaboradores \u201cConfirpianos\u201d y cerca de 1.500 clientes, destaca en el mercado contable como una empresa de referencia en su segmento. <\/span><\/p>\t\t\t\t\t\t\t\t<\/div>\n\t\t\t\t<\/div>\n\t\t\t\t<\/div>\n\t\t\t\t\t<\/div>\n\t\t\t\t<\/div>\n\t\t<div class=\"elementor-element elementor-element-d7d2e8e e-flex e-con-boxed wpr-particle-no wpr-jarallax-no wpr-parallax-no wpr-sticky-section-no e-con e-parent\" data-id=\"d7d2e8e\" data-element_type=\"container\" data-e-type=\"container\" data-settings=\"{&quot;background_background&quot;:&quot;classic&quot;}\">\n\t\t\t\t\t<div class=\"e-con-inner\">\n\t\t<div class=\"elementor-element elementor-element-9c4cdda e-con-full e-flex wpr-particle-no wpr-jarallax-no wpr-parallax-no wpr-sticky-section-no e-con e-child\" data-id=\"9c4cdda\" data-element_type=\"container\" data-e-type=\"container\">\n\t\t\t\t<div class=\"elementor-element elementor-element-f85376a elementor-widget__width-initial elementor-widget elementor-widget-heading\" data-id=\"f85376a\" data-element_type=\"widget\" data-e-type=\"widget\" data-widget_type=\"heading.default\">\n\t\t\t\t<div class=\"elementor-widget-container\">\n\t\t\t\t\t<h2 class=\"elementor-heading-title elementor-size-default\"><span class=\"claro\">Visi\u00f3n, <\/span> Misi\u00f3n, <br><span class=\"claro\">Valores y <\/span> Pol\u00edtica<\/h2>\t\t\t\t<\/div>\n\t\t\t\t<\/div>\n\t\t\t\t<div class=\"elementor-element elementor-element-f2a7051 elementor-widget__width-initial elementor-widget-mobile__width-inherit elementor-widget elementor-widget-text-editor\" data-id=\"f2a7051\" data-element_type=\"widget\" data-e-type=\"widget\" data-widget_type=\"text-editor.default\">\n\t\t\t\t<div class=\"elementor-widget-container\">\n\t\t\t\t\t\t\t\t\t<p><span style=\"font-weight: 400;\">Somos uno de los mayores despachos de contabilidad del pa\u00eds, destacando en el mercado como referencia. Nuestro mayor valor son las personas: contamos con aproximadamente 300 talentos inspirados a mantenerse permanentemente actualizados y capacitados para trabajar con autonom\u00eda, ofreciendo la mejor experiencia a los clientes.  <\/span><\/p><p><span style=\"font-weight: 400;\">Nuestra tecnolog\u00eda de vanguardia refleja el deseo incansable de ofrecer lo m\u00e1s moderno y seguro en soluciones en las \u00e1reas contable, fiscal, tributaria, laboral, financiera y societaria, as\u00ed como <\/span><b>de<\/b><span style=\"font-weight: 400;\"> impuesto sobre la renta <\/span><b>para<\/b><span style=\"font-weight: 400;\"> personas f\u00edsicas.<\/span><\/p><p><b>VISI\u00d3N<\/b><span style=\"font-weight: 400;\">: Ser referencia en contabilidad en Brasil<\/span><\/p><p><b>MISI\u00d3N<\/b><span style=\"font-weight: 400;\">: Ser una empresa modelo de la que nos sintamos orgullosos, con un equipo de trabajo capacitado, motivado y verdaderamente comprometido, utilizando la m\u00e1s alta tecnolog\u00eda de vanguardia, unida a la b\u00fasqueda constante de la mejora continua, asociada al deseo incansable de proporcionar a nuestros clientes lo mejor, m\u00e1s moderno y seguro en consultor\u00eda contable, fiscal, tributaria, laboral y societaria.<\/span><\/p><p><b>VALORES:<\/b><\/p><ul><li style=\"font-weight: 400;\" aria-level=\"3\"><b>FUNDAMENTALES<\/b><span style=\"font-weight: 400;\">: Transparencia, Organizaci\u00f3n, Innovaci\u00f3n en Soluciones de Tecnolog\u00eda y Estrategia, Responsabilidad, Experiencia en la Atenci\u00f3n<\/span><\/li><\/ul><ul><li style=\"font-weight: 400;\" aria-level=\"3\"><b>EMOCIONALES<\/b><span style=\"font-weight: 400;\">: Colaboraci\u00f3n, Disponibilidad, Compromiso y Proactividad.<\/span><\/li><\/ul><ul><li style=\"font-weight: 400;\" aria-level=\"3\"><b>FUNCIONALES<\/b><span style=\"font-weight: 400;\">: Eficiencia, Flexibilidad y Visi\u00f3n de Propietario<\/span><\/li><\/ul><p> <\/p><p><b>POL\u00cdTICA DE CALIDAD:<\/b><span style=\"font-weight: 400;\"> Alcanzar los resultados operativos y financieros, utilizando tecnolog\u00eda de vanguardia y un equipo capacitado. Mejorar continuamente los procesos de trabajo. Nuestro objetivo es garantizar la satisfacci\u00f3n de nuestros clientes, colaboradores, inversores y proveedores.<\/span><\/p>\t\t\t\t\t\t\t\t<\/div>\n\t\t\t\t<\/div>\n\t\t\t\t<\/div>\n\t\t<div class=\"elementor-element elementor-element-1d279fa e-con-full e-flex wpr-particle-no wpr-jarallax-no wpr-parallax-no wpr-sticky-section-no e-con e-child\" data-id=\"1d279fa\" data-element_type=\"container\" data-e-type=\"container\">\n\t\t\t\t<\/div>\n\t\t\t\t\t<\/div>\n\t\t\t\t<\/div>\n\t\t<div class=\"elementor-element elementor-element-63a148e e-con-full e-flex wpr-particle-no wpr-jarallax-no wpr-parallax-no wpr-sticky-section-no e-con e-parent\" data-id=\"63a148e\" data-element_type=\"container\" data-e-type=\"container\">\n\t\t\t\t<\/div>\n\t\t\t\t<\/div>\n\t\t","protected":false},"excerpt":{"rendered":"<p>Despacho contable Qui\u00e9nes somos Nuestra historia Confirp Contabilidade se constituy\u00f3 el 1 de julio de 1986 por el socio fundador Reinaldo Domingos. El nombre de la empresa se cre\u00f3 a partir de la uni\u00f3n de las palabras CONtabilidad, FIscal, Responsabilidad y Puntualidad. Con visi\u00f3n emprendedora y la intenci\u00f3n de ser una empresa de referencia en el mercado contable, Confirp fue concebida para ofrecer la mejor atenci\u00f3n a sus clientes, con trabajos diferenciados de los que hasta entonces se prestaban en Brasil. Tras 5 a\u00f1os, se incorpor\u00f3 a la sociedad el actual Director Ejecutivo, Richard Domingos, aportando su visi\u00f3n de los procesos como sustento del negocio, con foco en la tecnolog\u00eda y en la capacitaci\u00f3n de los profesionales. Hasta hoy, estas caracter\u00edsticas son pilares de la organizaci\u00f3n. A partir de 2010, para la consolidaci\u00f3n y expansi\u00f3n del negocio, la retenci\u00f3n de talento, una mayor sinergia en las acciones de direcci\u00f3n y la pluralidad en las decisiones, se instituy\u00f3 el programa \u201cPartnership\u201d, abriendo el capital de la empresa a sus principales profesionales, que asumir\u00e1n gradualmente la direcci\u00f3n de la compa\u00f1\u00eda, garantizando as\u00ed la continuidad y la perpetuidad de la empresa. Actualmente, Confirp cuenta con sede propia de seis plantas, aparcamiento, auditorio para eventos, salas de reuniones, restaurante, espacio de recreo y una infraestructura capaz de acoger a m\u00e1s de 200 personas. Con un equipo de 350 colaboradores \u201cConfirpianos\u201d y cerca de 1.500 clientes, destaca en el mercado contable como una empresa de referencia en su segmento. Visi\u00f3n, Misi\u00f3n, Valores y Pol\u00edtica Somos uno de los mayores despachos de contabilidad del pa\u00eds, destacando en el mercado como referencia. Nuestro mayor valor son las personas: contamos con aproximadamente 300 talentos inspirados a mantenerse permanentemente actualizados y capacitados para trabajar con autonom\u00eda, ofreciendo la mejor experiencia a los clientes. Nuestra tecnolog\u00eda de vanguardia refleja el deseo incansable de ofrecer lo m\u00e1s moderno y seguro en soluciones en las \u00e1reas contable, fiscal, tributaria, laboral, financiera y societaria, as\u00ed como de impuesto sobre la renta para personas f\u00edsicas. VISI\u00d3N: Ser referencia en contabilidad en Brasil MISI\u00d3N: Ser una empresa modelo de la que nos sintamos orgullosos, con un equipo de trabajo capacitado, motivado y verdaderamente comprometido, utilizando la m\u00e1s alta tecnolog\u00eda de vanguardia, unida a la b\u00fasqueda constante de la mejora continua, asociada al deseo incansable de proporcionar a nuestros clientes lo mejor, m\u00e1s moderno y seguro en consultor\u00eda contable, fiscal, tributaria, laboral y societaria. VALORES: FUNDAMENTALES: Transparencia, Organizaci\u00f3n, Innovaci\u00f3n en Soluciones de Tecnolog\u00eda y Estrategia, Responsabilidad, Experiencia en la Atenci\u00f3n EMOCIONALES: Colaboraci\u00f3n, Disponibilidad, Compromiso y Proactividad. FUNCIONALES: Eficiencia, Flexibilidad y Visi\u00f3n de Propietario POL\u00cdTICA DE CALIDAD: Alcanzar los resultados operativos y financieros, utilizando tecnolog\u00eda de vanguardia y un equipo capacitado. Mejorar continuamente los procesos de trabajo. Nuestro objetivo es garantizar la satisfacci\u00f3n de nuestros clientes, colaboradores, inversores y proveedores.<\/p>\n","protected":false},"author":2,"featured_media":0,"parent":0,"menu_order":0,"comment_status":"closed","ping_status":"closed","template":"elementor_header_footer","meta":{"om_disable_all_campaigns":false,"_monsterinsights_skip_tracking":false,"_monsterinsights_sitenote_active":false,"_monsterinsights_sitenote_note":"","_monsterinsights_sitenote_category":0,"_uf_show_specific_survey":0,"_uf_disable_surveys":false,"footnotes":""},"class_list":["post-28410","page","type-page","status-publish","hentry"],"yoast_head":"<!-- This site is optimized with the Yoast SEO plugin v27.4 - https:\/\/yoast.com\/product\/yoast-seo-wordpress\/ -->\n<title>Qui\u00e9nes somos | Confirp<\/title>\n<meta name=\"description\" content=\"Conozca Confirp. Una empresa de contabilidad con experiencia, confianza y soluciones estrat\u00e9gicas para apoyar el crecimiento de su negocio.\" \/>\n<meta name=\"robots\" content=\"index, follow, max-snippet:-1, max-image-preview:large, max-video-preview:-1\" \/>\n<link rel=\"canonical\" href=\"https:\/\/confirp.com.br\/es\/quienes-somos\/\" \/>\n<meta property=\"og:locale\" content=\"es_ES\" \/>\n<meta property=\"og:type\" content=\"article\" \/>\n<meta property=\"og:title\" content=\"Qui\u00e9nes somos | Confirp\" \/>\n<meta property=\"og:description\" content=\"Conozca Confirp. Una empresa de contabilidad con experiencia, confianza y soluciones estrat\u00e9gicas para apoyar el crecimiento de su negocio.\" \/>\n<meta property=\"og:url\" content=\"https:\/\/confirp.com.br\/es\/quienes-somos\/\" \/>\n<meta property=\"og:site_name\" content=\"CONFIRP\" \/>\n<meta property=\"article:modified_time\" content=\"2026-03-06T18:04:13+00:00\" \/>\n<meta property=\"og:image\" content=\"https:\/\/confirp.com.br\/wp-content\/uploads\/2022\/08\/contabilidade-digital-confirp-1.svg\" \/>\n<meta name=\"twitter:card\" content=\"summary_large_image\" \/>\n<meta name=\"twitter:label1\" content=\"Tiempo de lectura\" \/>\n\t<meta name=\"twitter:data1\" content=\"3 minutos\" \/>\n<script type=\"application\/ld+json\" class=\"yoast-schema-graph\">{\"@context\":\"https:\\\/\\\/schema.org\",\"@graph\":[{\"@type\":\"WebPage\",\"@id\":\"https:\\\/\\\/confirp.com.br\\\/es\\\/quienes-somos\\\/\",\"url\":\"https:\\\/\\\/confirp.com.br\\\/es\\\/quienes-somos\\\/\",\"name\":\"Qui\u00e9nes somos | Confirp\",\"isPartOf\":{\"@id\":\"https:\\\/\\\/confirp.com.br\\\/es\\\/#website\"},\"primaryImageOfPage\":{\"@id\":\"https:\\\/\\\/confirp.com.br\\\/es\\\/quienes-somos\\\/#primaryimage\"},\"image\":{\"@id\":\"https:\\\/\\\/confirp.com.br\\\/es\\\/quienes-somos\\\/#primaryimage\"},\"thumbnailUrl\":\"https:\\\/\\\/confirp.com.br\\\/wp-content\\\/uploads\\\/2022\\\/08\\\/contabilidade-digital-confirp-1.svg\",\"datePublished\":\"2022-08-04T19:58:19+00:00\",\"dateModified\":\"2026-03-06T18:04:13+00:00\",\"description\":\"Conozca Confirp. Una empresa de contabilidad con experiencia, confianza y soluciones estrat\u00e9gicas para apoyar el crecimiento de su negocio.\",\"breadcrumb\":{\"@id\":\"https:\\\/\\\/confirp.com.br\\\/es\\\/quienes-somos\\\/#breadcrumb\"},\"inLanguage\":\"es\",\"potentialAction\":[{\"@type\":\"ReadAction\",\"target\":[\"https:\\\/\\\/confirp.com.br\\\/es\\\/quienes-somos\\\/\"]}]},{\"@type\":\"ImageObject\",\"inLanguage\":\"es\",\"@id\":\"https:\\\/\\\/confirp.com.br\\\/es\\\/quienes-somos\\\/#primaryimage\",\"url\":\"https:\\\/\\\/confirp.com.br\\\/wp-content\\\/uploads\\\/2022\\\/08\\\/contabilidade-digital-confirp-1.svg\",\"contentUrl\":\"https:\\\/\\\/confirp.com.br\\\/wp-content\\\/uploads\\\/2022\\\/08\\\/contabilidade-digital-confirp-1.svg\"},{\"@type\":\"BreadcrumbList\",\"@id\":\"https:\\\/\\\/confirp.com.br\\\/es\\\/quienes-somos\\\/#breadcrumb\",\"itemListElement\":[{\"@type\":\"ListItem\",\"position\":1,\"name\":\"Home\",\"item\":\"https:\\\/\\\/confirp.com.br\\\/es\\\/inicio\\\/\"},{\"@type\":\"ListItem\",\"position\":2,\"name\":\"Qui\u00e9nes somos\"}]},{\"@type\":\"WebSite\",\"@id\":\"https:\\\/\\\/confirp.com.br\\\/es\\\/#website\",\"url\":\"https:\\\/\\\/confirp.com.br\\\/es\\\/\",\"name\":\"CONFIRP\",\"description\":\"\",\"publisher\":{\"@id\":\"https:\\\/\\\/confirp.com.br\\\/es\\\/#organization\"},\"potentialAction\":[{\"@type\":\"SearchAction\",\"target\":{\"@type\":\"EntryPoint\",\"urlTemplate\":\"https:\\\/\\\/confirp.com.br\\\/es\\\/?s={search_term_string}\"},\"query-input\":{\"@type\":\"PropertyValueSpecification\",\"valueRequired\":true,\"valueName\":\"search_term_string\"}}],\"inLanguage\":\"es\"},{\"@type\":\"Organization\",\"@id\":\"https:\\\/\\\/confirp.com.br\\\/es\\\/#organization\",\"name\":\"CONFIRP\",\"url\":\"https:\\\/\\\/confirp.com.br\\\/es\\\/\",\"logo\":{\"@type\":\"ImageObject\",\"inLanguage\":\"es\",\"@id\":\"https:\\\/\\\/confirp.com.br\\\/es\\\/#\\\/schema\\\/logo\\\/image\\\/\",\"url\":\"https:\\\/\\\/confirp.com.br\\\/wp-content\\\/uploads\\\/2018\\\/09\\\/logo-confirp.svg\",\"contentUrl\":\"https:\\\/\\\/confirp.com.br\\\/wp-content\\\/uploads\\\/2018\\\/09\\\/logo-confirp.svg\",\"width\":176,\"height\":40,\"caption\":\"CONFIRP\"},\"image\":{\"@id\":\"https:\\\/\\\/confirp.com.br\\\/es\\\/#\\\/schema\\\/logo\\\/image\\\/\"}}]}<\/script>\n<!-- \/ Yoast SEO plugin. -->","yoast_head_json":{"title":"Qui\u00e9nes somos | Confirp","description":"Conozca Confirp. Una empresa de contabilidad con experiencia, confianza y soluciones estrat\u00e9gicas para apoyar el crecimiento de su negocio.","robots":{"index":"index","follow":"follow","max-snippet":"max-snippet:-1","max-image-preview":"max-image-preview:large","max-video-preview":"max-video-preview:-1"},"canonical":"https:\/\/confirp.com.br\/es\/quienes-somos\/","og_locale":"es_ES","og_type":"article","og_title":"Qui\u00e9nes somos | Confirp","og_description":"Conozca Confirp. Una empresa de contabilidad con experiencia, confianza y soluciones estrat\u00e9gicas para apoyar el crecimiento de su negocio.","og_url":"https:\/\/confirp.com.br\/es\/quienes-somos\/","og_site_name":"CONFIRP","article_modified_time":"2026-03-06T18:04:13+00:00","og_image":[{"url":"https:\/\/confirp.com.br\/wp-content\/uploads\/2022\/08\/contabilidade-digital-confirp-1.svg","type":"","width":"","height":""}],"twitter_card":"summary_large_image","twitter_misc":{"Tiempo de lectura":"3 minutos"},"schema":{"@context":"https:\/\/schema.org","@graph":[{"@type":"WebPage","@id":"https:\/\/confirp.com.br\/es\/quienes-somos\/","url":"https:\/\/confirp.com.br\/es\/quienes-somos\/","name":"Qui\u00e9nes somos | Confirp","isPartOf":{"@id":"https:\/\/confirp.com.br\/es\/#website"},"primaryImageOfPage":{"@id":"https:\/\/confirp.com.br\/es\/quienes-somos\/#primaryimage"},"image":{"@id":"https:\/\/confirp.com.br\/es\/quienes-somos\/#primaryimage"},"thumbnailUrl":"https:\/\/confirp.com.br\/wp-content\/uploads\/2022\/08\/contabilidade-digital-confirp-1.svg","datePublished":"2022-08-04T19:58:19+00:00","dateModified":"2026-03-06T18:04:13+00:00","description":"Conozca Confirp. Una empresa de contabilidad con experiencia, confianza y soluciones estrat\u00e9gicas para apoyar el crecimiento de su negocio.","breadcrumb":{"@id":"https:\/\/confirp.com.br\/es\/quienes-somos\/#breadcrumb"},"inLanguage":"es","potentialAction":[{"@type":"ReadAction","target":["https:\/\/confirp.com.br\/es\/quienes-somos\/"]}]},{"@type":"ImageObject","inLanguage":"es","@id":"https:\/\/confirp.com.br\/es\/quienes-somos\/#primaryimage","url":"https:\/\/confirp.com.br\/wp-content\/uploads\/2022\/08\/contabilidade-digital-confirp-1.svg","contentUrl":"https:\/\/confirp.com.br\/wp-content\/uploads\/2022\/08\/contabilidade-digital-confirp-1.svg"},{"@type":"BreadcrumbList","@id":"https:\/\/confirp.com.br\/es\/quienes-somos\/#breadcrumb","itemListElement":[{"@type":"ListItem","position":1,"name":"Home","item":"https:\/\/confirp.com.br\/es\/inicio\/"},{"@type":"ListItem","position":2,"name":"Qui\u00e9nes somos"}]},{"@type":"WebSite","@id":"https:\/\/confirp.com.br\/es\/#website","url":"https:\/\/confirp.com.br\/es\/","name":"CONFIRP","description":"","publisher":{"@id":"https:\/\/confirp.com.br\/es\/#organization"},"potentialAction":[{"@type":"SearchAction","target":{"@type":"EntryPoint","urlTemplate":"https:\/\/confirp.com.br\/es\/?s={search_term_string}"},"query-input":{"@type":"PropertyValueSpecification","valueRequired":true,"valueName":"search_term_string"}}],"inLanguage":"es"},{"@type":"Organization","@id":"https:\/\/confirp.com.br\/es\/#organization","name":"CONFIRP","url":"https:\/\/confirp.com.br\/es\/","logo":{"@type":"ImageObject","inLanguage":"es","@id":"https:\/\/confirp.com.br\/es\/#\/schema\/logo\/image\/","url":"https:\/\/confirp.com.br\/wp-content\/uploads\/2018\/09\/logo-confirp.svg","contentUrl":"https:\/\/confirp.com.br\/wp-content\/uploads\/2018\/09\/logo-confirp.svg","width":176,"height":40,"caption":"CONFIRP"},"image":{"@id":"https:\/\/confirp.com.br\/es\/#\/schema\/logo\/image\/"}}]}},"_links":{"self":[{"href":"https:\/\/confirp.com.br\/es\/wp-json\/wp\/v2\/pages\/28410","targetHints":{"allow":["GET"]}}],"collection":[{"href":"https:\/\/confirp.com.br\/es\/wp-json\/wp\/v2\/pages"}],"about":[{"href":"https:\/\/confirp.com.br\/es\/wp-json\/wp\/v2\/types\/page"}],"author":[{"embeddable":true,"href":"https:\/\/confirp.com.br\/es\/wp-json\/wp\/v2\/users\/2"}],"replies":[{"embeddable":true,"href":"https:\/\/confirp.com.br\/es\/wp-json\/wp\/v2\/comments?post=28410"}],"version-history":[{"count":0,"href":"https:\/\/confirp.com.br\/es\/wp-json\/wp\/v2\/pages\/28410\/revisions"}],"wp:attachment":[{"href":"https:\/\/confirp.com.br\/es\/wp-json\/wp\/v2\/media?parent=28410"}],"curies":[{"name":"wp","href":"https:\/\/api.w.org\/{rel}","templated":true}]}}