{"id":27069,"date":"2025-10-17T12:08:54","date_gmt":"2025-10-17T15:08:54","guid":{"rendered":"https:\/\/confirp.com.br\/?page_id=27069"},"modified":"2026-03-23T20:34:51","modified_gmt":"2026-03-23T23:34:51","slug":"podcast-confirp","status":"publish","type":"page","link":"https:\/\/confirp.com.br\/es\/podcast-confirp\/","title":{"rendered":"Podcast Confirp"},"content":{"rendered":"\t\t<div data-elementor-type=\"wp-page\" data-elementor-id=\"27069\" class=\"elementor elementor-27069\" data-elementor-post-type=\"page\">\n\t\t\t\t<div class=\"elementor-element elementor-element-16c59c4 e-flex e-con-boxed wpr-particle-no wpr-jarallax-no wpr-parallax-no wpr-sticky-section-no e-con e-parent\" data-id=\"16c59c4\" data-element_type=\"container\" data-e-type=\"container\" data-settings=\"{&quot;background_background&quot;:&quot;classic&quot;}\">\n\t\t\t\t\t<div class=\"e-con-inner\">\n\t\t\t\t<div class=\"elementor-element elementor-element-aed7a38 elementor-widget-mobile__width-initial elementor-hidden-widescreen elementor-hidden-desktop elementor-hidden-laptop elementor-hidden-tablet elementor-hidden-mobile elementor-widget elementor-widget-heading\" data-id=\"aed7a38\" data-element_type=\"widget\" data-e-type=\"widget\" data-widget_type=\"heading.default\">\n\t\t\t\t<div class=\"elementor-widget-container\">\n\t\t\t\t\t<h1 class=\"elementor-heading-title elementor-size-default\">Mais que Consultoria Cont\u00e1bil<\/h1>\t\t\t\t<\/div>\n\t\t\t\t<\/div>\n\t\t\t\t<div class=\"elementor-element elementor-element-9922164 elementor-widget__width-initial elementor-widget-mobile__width-inherit elementor-widget elementor-widget-heading\" data-id=\"9922164\" data-element_type=\"widget\" data-e-type=\"widget\" data-widget_type=\"heading.default\">\n\t\t\t\t<div class=\"elementor-widget-container\">\n\t\t\t\t\t<h2 class=\"elementor-heading-title elementor-size-default\">Podcast Confirp<\/h2>\t\t\t\t<\/div>\n\t\t\t\t<\/div>\n\t\t\t\t<div class=\"elementor-element elementor-element-8637af8 elementor-widget elementor-widget-shortcode\" data-id=\"8637af8\" data-element_type=\"widget\" data-e-type=\"widget\" data-widget_type=\"shortcode.default\">\n\t\t\t\t<div class=\"elementor-widget-container\">\n\t\t\t\t\t\t\t<div class=\"elementor-shortcode\"><span><span><a href=\"https:\/\/confirp.com.br\/es\/inicio\/\">Home<\/a><\/span><\/span><\/div>\n\t\t\t\t\t\t<\/div>\n\t\t\t\t<\/div>\n\t\t\t\t\t<\/div>\n\t\t\t\t<\/div>\n\t\t<div class=\"elementor-element elementor-element-cb4d595 e-flex e-con-boxed wpr-particle-no wpr-jarallax-no wpr-parallax-no wpr-sticky-section-no e-con e-parent\" data-id=\"cb4d595\" data-element_type=\"container\" data-e-type=\"container\" data-settings=\"{&quot;background_background&quot;:&quot;classic&quot;}\">\n\t\t\t\t\t<div class=\"e-con-inner\">\n\t\t<div class=\"elementor-element elementor-element-315851f e-con-full e-flex wpr-particle-no wpr-jarallax-no wpr-parallax-no wpr-sticky-section-no e-con e-child\" data-id=\"315851f\" data-element_type=\"container\" data-e-type=\"container\" data-settings=\"{&quot;background_background&quot;:&quot;classic&quot;}\">\n\t\t\t\t<div class=\"elementor-element elementor-element-f89a06c elementor-widget elementor-widget-heading\" data-id=\"f89a06c\" data-element_type=\"widget\" data-e-type=\"widget\" data-widget_type=\"heading.default\">\n\t\t\t\t<div class=\"elementor-widget-container\">\n\t\t\t\t\t<h2 class=\"elementor-heading-title elementor-size-default\">Bem-vindo ao PodContar, o podcast da Confirp Contabilidade!<\/h2>\t\t\t\t<\/div>\n\t\t\t\t<\/div>\n\t\t\t\t<\/div>\n\t\t<div class=\"elementor-element elementor-element-d0812af e-con-full e-flex wpr-particle-no wpr-jarallax-no wpr-parallax-no wpr-sticky-section-no e-con e-child\" data-id=\"d0812af\" data-element_type=\"container\" data-e-type=\"container\" data-settings=\"{&quot;background_background&quot;:&quot;classic&quot;}\">\n\t\t\t\t<div class=\"elementor-element elementor-element-0f834b4 elementor-widget elementor-widget-html\" data-id=\"0f834b4\" data-element_type=\"widget\" data-e-type=\"widget\" data-widget_type=\"html.default\">\n\t\t\t\t<div class=\"elementor-widget-container\">\n\t\t\t\t\t<iframe data-testid=\"embed-iframe\" style=\"border-radius:12px\" src=\"https:\/\/open.spotify.com\/embed\/show\/3KKsTFN9IaF8OdIxgh9SGR\/video?utm_source=generator\" width=\"400\" height=\"260\" frameBorder=\"0\" allowfullscreen=\"\" allow=\"autoplay; clipboard-write; encrypted-media; fullscreen; picture-in-picture\" loading=\"lazy\"><\/iframe>\t\t\t\t<\/div>\n\t\t\t\t<\/div>\n\t\t\t\t<\/div>\n\t\t<div class=\"elementor-element elementor-element-600947c e-con-full e-flex wpr-particle-no wpr-jarallax-no wpr-parallax-no wpr-sticky-section-no e-con e-child\" data-id=\"600947c\" data-element_type=\"container\" data-e-type=\"container\" data-settings=\"{&quot;background_background&quot;:&quot;classic&quot;}\">\n\t\t\t\t<div class=\"elementor-element elementor-element-da0ea65 elementor-widget-mobile__width-inherit elementor-widget__width-inherit elementor-widget elementor-widget-text-editor\" data-id=\"da0ea65\" data-element_type=\"widget\" data-e-type=\"widget\" data-widget_type=\"text-editor.default\">\n\t\t\t\t<div class=\"elementor-widget-container\">\n\t\t\t\t\t\t\t\t\t<p>Aqui voc\u00ea encontra epis\u00f3dios com hist\u00f3rias inspiradoras, dicas de empreendedorismo, contabilidade, gest\u00e3o financeira e atualiza\u00e7\u00f5es sobre o mercado.<br \/>Nosso objetivo \u00e9 levar conhecimento pr\u00e1tico e estrat\u00e9gico para empres\u00e1rios, profissionais e pessoas que querem crescer e se destacar no mundo dos neg\u00f3cios.<\/p>\t\t\t\t\t\t\t\t<\/div>\n\t\t\t\t<\/div>\n\t\t\t\t<div class=\"elementor-element elementor-element-c5767d2 elementor-icon-list--layout-traditional elementor-list-item-link-full_width elementor-widget elementor-widget-icon-list\" data-id=\"c5767d2\" data-element_type=\"widget\" data-e-type=\"widget\" data-widget_type=\"icon-list.default\">\n\t\t\t\t<div class=\"elementor-widget-container\">\n\t\t\t\t\t\t\t<ul class=\"elementor-icon-list-items\">\n\t\t\t\t\t\t\t<li class=\"elementor-icon-list-item\">\n\t\t\t\t\t\t\t\t\t\t\t<span class=\"elementor-icon-list-icon\">\n\t\t\t\t\t\t\t<svg aria-hidden=\"true\" class=\"e-font-icon-svg e-fas-check\" viewBox=\"0 0 512 512\" xmlns=\"http:\/\/www.w3.org\/2000\/svg\"><path d=\"M173.898 439.404l-166.4-166.4c-9.997-9.997-9.997-26.206 0-36.204l36.203-36.204c9.997-9.998 26.207-9.998 36.204 0L192 312.69 432.095 72.596c9.997-9.997 26.207-9.997 36.204 0l36.203 36.204c9.997 9.997 9.997 26.206 0 36.204l-294.4 294.401c-9.998 9.997-26.207 9.997-36.204-.001z\"><\/path><\/svg>\t\t\t\t\t\t<\/span>\n\t\t\t\t\t\t\t\t\t\t<span class=\"elementor-icon-list-text\">Aprenda com especialistas sobre tributa\u00e7\u00e3o, lucros, dividendos e planejamento financeiro.<\/span>\n\t\t\t\t\t\t\t\t\t<\/li>\n\t\t\t\t\t\t\t\t<li class=\"elementor-icon-list-item\">\n\t\t\t\t\t\t\t\t\t\t\t<span class=\"elementor-icon-list-icon\">\n\t\t\t\t\t\t\t<svg aria-hidden=\"true\" class=\"e-font-icon-svg e-fas-check\" viewBox=\"0 0 512 512\" xmlns=\"http:\/\/www.w3.org\/2000\/svg\"><path d=\"M173.898 439.404l-166.4-166.4c-9.997-9.997-9.997-26.206 0-36.204l36.203-36.204c9.997-9.998 26.207-9.998 36.204 0L192 312.69 432.095 72.596c9.997-9.997 26.207-9.997 36.204 0l36.203 36.204c9.997 9.997 9.997 26.206 0 36.204l-294.4 294.401c-9.998 9.997-26.207 9.997-36.204-.001z\"><\/path><\/svg>\t\t\t\t\t\t<\/span>\n\t\t\t\t\t\t\t\t\t\t<span class=\"elementor-icon-list-text\">Conhe\u00e7a trajet\u00f3rias de sucesso e li\u00e7\u00f5es de vida de empreendedores.<\/span>\n\t\t\t\t\t\t\t\t\t<\/li>\n\t\t\t\t\t\t\t\t<li class=\"elementor-icon-list-item\">\n\t\t\t\t\t\t\t\t\t\t\t<span class=\"elementor-icon-list-icon\">\n\t\t\t\t\t\t\t<svg aria-hidden=\"true\" class=\"e-font-icon-svg e-fas-check\" viewBox=\"0 0 512 512\" xmlns=\"http:\/\/www.w3.org\/2000\/svg\"><path d=\"M173.898 439.404l-166.4-166.4c-9.997-9.997-9.997-26.206 0-36.204l36.203-36.204c9.997-9.998 26.207-9.998 36.204 0L192 312.69 432.095 72.596c9.997-9.997 26.207-9.997 36.204 0l36.203 36.204c9.997 9.997 9.997 26.206 0 36.204l-294.4 294.401c-9.998 9.997-26.207 9.997-36.204-.001z\"><\/path><\/svg>\t\t\t\t\t\t<\/span>\n\t\t\t\t\t\t\t\t\t\t<span class=\"elementor-icon-list-text\">Fique por dentro das tend\u00eancias e mudan\u00e7as do mercado cont\u00e1bil no Brasil, especialmente em S\u00e3o Paulo.<\/span>\n\t\t\t\t\t\t\t\t\t<\/li>\n\t\t\t\t\t\t<\/ul>\n\t\t\t\t\t\t<\/div>\n\t\t\t\t<\/div>\n\t\t\t\t<div class=\"elementor-element elementor-element-84c5fea elementor-align-left elementor-mobile-align-center elementor-widget elementor-widget-button\" data-id=\"84c5fea\" data-element_type=\"widget\" data-e-type=\"widget\" data-widget_type=\"button.default\">\n\t\t\t\t<div class=\"elementor-widget-container\">\n\t\t\t\t\t\t\t\t\t<div class=\"elementor-button-wrapper\">\n\t\t\t\t\t<a class=\"elementor-button elementor-button-link elementor-size-sm\" href=\"https:\/\/www.youtube.com\/playlist?list=PLRkREjkncpuTmPSyVNQbIk3MAbVX3exrU\" target=\"_blank\">\n\t\t\t\t\t\t<span class=\"elementor-button-content-wrapper\">\n\t\t\t\t\t\t\t\t\t<span class=\"elementor-button-text\">Acessar podcast no Youtube<\/span>\n\t\t\t\t\t<\/span>\n\t\t\t\t\t<\/a>\n\t\t\t\t<\/div>\n\t\t\t\t\t\t\t\t<\/div>\n\t\t\t\t<\/div>\n\t\t\t\t<\/div>\n\t\t\t\t\t<\/div>\n\t\t\t\t<\/div>\n\t\t\t\t<\/div>\n\t\t","protected":false},"excerpt":{"rendered":"<p>Mais que Consultoria Cont\u00e1bil Podcast Confirp Bem-vindo ao PodContar, o podcast da Confirp Contabilidade! Aqui voc\u00ea encontra epis\u00f3dios com hist\u00f3rias inspiradoras, dicas de empreendedorismo, contabilidade, gest\u00e3o financeira e atualiza\u00e7\u00f5es sobre o mercado.Nosso objetivo \u00e9 levar conhecimento pr\u00e1tico e estrat\u00e9gico para empres\u00e1rios, profissionais e pessoas que querem crescer e se destacar no mundo dos neg\u00f3cios. Aprenda com especialistas sobre tributa\u00e7\u00e3o, lucros, dividendos e planejamento financeiro. Conhe\u00e7a trajet\u00f3rias de sucesso e li\u00e7\u00f5es de vida de empreendedores. Fique por dentro das tend\u00eancias e mudan\u00e7as do mercado cont\u00e1bil no Brasil, especialmente em S\u00e3o Paulo. Acessar podcast no Youtube<\/p>\n","protected":false},"author":23,"featured_media":27146,"parent":0,"menu_order":0,"comment_status":"closed","ping_status":"closed","template":"elementor_header_footer","meta":{"om_disable_all_campaigns":false,"_monsterinsights_skip_tracking":false,"_monsterinsights_sitenote_active":false,"_monsterinsights_sitenote_note":"","_monsterinsights_sitenote_category":0,"_uf_show_specific_survey":0,"_uf_disable_surveys":false,"footnotes":""},"class_list":["post-27069","page","type-page","status-publish","has-post-thumbnail","hentry"],"yoast_head":"<!-- This site is optimized with the Yoast SEO plugin v27.5 - https:\/\/yoast.com\/product\/yoast-seo-wordpress\/ -->\n<title>Podcast Confirp<\/title>\n<meta name=\"description\" content=\"Podcast Confirp: conte\u00fado sobre gest\u00e3o, contabilidade e neg\u00f3cios para empreendedores que querem crescer com seguran\u00e7a e informa\u00e7\u00e3o.\" \/>\n<meta name=\"robots\" content=\"index, follow, max-snippet:-1, max-image-preview:large, max-video-preview:-1\" \/>\n<link rel=\"canonical\" href=\"https:\/\/confirp.com.br\/es\/podcast-confirp\/\" \/>\n<meta property=\"og:locale\" content=\"es_ES\" \/>\n<meta property=\"og:type\" content=\"article\" \/>\n<meta property=\"og:title\" content=\"Podcast Confirp\" \/>\n<meta property=\"og:description\" content=\"Podcast Confirp: conte\u00fado sobre gest\u00e3o, contabilidade e neg\u00f3cios para empreendedores que querem crescer com seguran\u00e7a e informa\u00e7\u00e3o.\" \/>\n<meta property=\"og:url\" content=\"https:\/\/confirp.com.br\/es\/podcast-confirp\/\" \/>\n<meta property=\"og:site_name\" content=\"CONFIRP\" \/>\n<meta property=\"article:modified_time\" content=\"2026-03-23T23:34:51+00:00\" \/>\n<meta property=\"og:image\" content=\"https:\/\/confirp.com.br\/wp-content\/uploads\/2025\/10\/Design-sem-nome.png\" \/>\n\t<meta property=\"og:image:width\" content=\"940\" \/>\n\t<meta property=\"og:image:height\" content=\"788\" \/>\n\t<meta property=\"og:image:type\" content=\"image\/png\" \/>\n<meta name=\"twitter:card\" content=\"summary_large_image\" \/>\n<meta name=\"twitter:label1\" content=\"Tiempo de lectura\" \/>\n\t<meta name=\"twitter:data1\" content=\"1 minuto\" \/>\n<script type=\"application\/ld+json\" class=\"yoast-schema-graph\">{\"@context\":\"https:\\\/\\\/schema.org\",\"@graph\":[{\"@type\":\"WebPage\",\"@id\":\"https:\\\/\\\/confirp.com.br\\\/es\\\/podcast-confirp\\\/\",\"url\":\"https:\\\/\\\/confirp.com.br\\\/es\\\/podcast-confirp\\\/\",\"name\":\"Podcast Confirp\",\"isPartOf\":{\"@id\":\"https:\\\/\\\/confirp.com.br\\\/es\\\/#website\"},\"primaryImageOfPage\":{\"@id\":\"https:\\\/\\\/confirp.com.br\\\/es\\\/podcast-confirp\\\/#primaryimage\"},\"image\":{\"@id\":\"https:\\\/\\\/confirp.com.br\\\/es\\\/podcast-confirp\\\/#primaryimage\"},\"thumbnailUrl\":\"https:\\\/\\\/confirp.com.br\\\/wp-content\\\/uploads\\\/2025\\\/10\\\/Design-sem-nome.png\",\"datePublished\":\"2025-10-17T15:08:54+00:00\",\"dateModified\":\"2026-03-23T23:34:51+00:00\",\"description\":\"Podcast Confirp: conte\u00fado sobre gest\u00e3o, contabilidade e neg\u00f3cios para empreendedores que querem crescer com seguran\u00e7a e informa\u00e7\u00e3o.\",\"breadcrumb\":{\"@id\":\"https:\\\/\\\/confirp.com.br\\\/es\\\/podcast-confirp\\\/#breadcrumb\"},\"inLanguage\":\"es\",\"potentialAction\":[{\"@type\":\"ReadAction\",\"target\":[\"https:\\\/\\\/confirp.com.br\\\/es\\\/podcast-confirp\\\/\"]}]},{\"@type\":\"ImageObject\",\"inLanguage\":\"es\",\"@id\":\"https:\\\/\\\/confirp.com.br\\\/es\\\/podcast-confirp\\\/#primaryimage\",\"url\":\"https:\\\/\\\/confirp.com.br\\\/wp-content\\\/uploads\\\/2025\\\/10\\\/Design-sem-nome.png\",\"contentUrl\":\"https:\\\/\\\/confirp.com.br\\\/wp-content\\\/uploads\\\/2025\\\/10\\\/Design-sem-nome.png\",\"width\":940,\"height\":788,\"caption\":\"podcast confirp\"},{\"@type\":\"BreadcrumbList\",\"@id\":\"https:\\\/\\\/confirp.com.br\\\/es\\\/podcast-confirp\\\/#breadcrumb\",\"itemListElement\":[{\"@type\":\"ListItem\",\"position\":1,\"name\":\"Home\",\"item\":\"https:\\\/\\\/confirp.com.br\\\/es\\\/inicio\\\/\"},{\"@type\":\"ListItem\",\"position\":2,\"name\":\"Podcast Confirp\"}]},{\"@type\":\"WebSite\",\"@id\":\"https:\\\/\\\/confirp.com.br\\\/es\\\/#website\",\"url\":\"https:\\\/\\\/confirp.com.br\\\/es\\\/\",\"name\":\"CONFIRP\",\"description\":\"\",\"publisher\":{\"@id\":\"https:\\\/\\\/confirp.com.br\\\/es\\\/#organization\"},\"potentialAction\":[{\"@type\":\"SearchAction\",\"target\":{\"@type\":\"EntryPoint\",\"urlTemplate\":\"https:\\\/\\\/confirp.com.br\\\/es\\\/?s={search_term_string}\"},\"query-input\":{\"@type\":\"PropertyValueSpecification\",\"valueRequired\":true,\"valueName\":\"search_term_string\"}}],\"inLanguage\":\"es\"},{\"@type\":\"Organization\",\"@id\":\"https:\\\/\\\/confirp.com.br\\\/es\\\/#organization\",\"name\":\"CONFIRP\",\"url\":\"https:\\\/\\\/confirp.com.br\\\/es\\\/\",\"logo\":{\"@type\":\"ImageObject\",\"inLanguage\":\"es\",\"@id\":\"https:\\\/\\\/confirp.com.br\\\/es\\\/#\\\/schema\\\/logo\\\/image\\\/\",\"url\":\"https:\\\/\\\/confirp.com.br\\\/wp-content\\\/uploads\\\/2018\\\/09\\\/logo-confirp.svg\",\"contentUrl\":\"https:\\\/\\\/confirp.com.br\\\/wp-content\\\/uploads\\\/2018\\\/09\\\/logo-confirp.svg\",\"width\":176,\"height\":40,\"caption\":\"CONFIRP\"},\"image\":{\"@id\":\"https:\\\/\\\/confirp.com.br\\\/es\\\/#\\\/schema\\\/logo\\\/image\\\/\"}}]}<\/script>\n<!-- \/ Yoast SEO plugin. -->","yoast_head_json":{"title":"Podcast Confirp","description":"Podcast Confirp: conte\u00fado sobre gest\u00e3o, contabilidade e neg\u00f3cios para empreendedores que querem crescer com seguran\u00e7a e informa\u00e7\u00e3o.","robots":{"index":"index","follow":"follow","max-snippet":"max-snippet:-1","max-image-preview":"max-image-preview:large","max-video-preview":"max-video-preview:-1"},"canonical":"https:\/\/confirp.com.br\/es\/podcast-confirp\/","og_locale":"es_ES","og_type":"article","og_title":"Podcast Confirp","og_description":"Podcast Confirp: conte\u00fado sobre gest\u00e3o, contabilidade e neg\u00f3cios para empreendedores que querem crescer com seguran\u00e7a e informa\u00e7\u00e3o.","og_url":"https:\/\/confirp.com.br\/es\/podcast-confirp\/","og_site_name":"CONFIRP","article_modified_time":"2026-03-23T23:34:51+00:00","og_image":[{"width":940,"height":788,"url":"https:\/\/confirp.com.br\/wp-content\/uploads\/2025\/10\/Design-sem-nome.png","type":"image\/png"}],"twitter_card":"summary_large_image","twitter_misc":{"Tiempo de lectura":"1 minuto"},"schema":{"@context":"https:\/\/schema.org","@graph":[{"@type":"WebPage","@id":"https:\/\/confirp.com.br\/es\/podcast-confirp\/","url":"https:\/\/confirp.com.br\/es\/podcast-confirp\/","name":"Podcast Confirp","isPartOf":{"@id":"https:\/\/confirp.com.br\/es\/#website"},"primaryImageOfPage":{"@id":"https:\/\/confirp.com.br\/es\/podcast-confirp\/#primaryimage"},"image":{"@id":"https:\/\/confirp.com.br\/es\/podcast-confirp\/#primaryimage"},"thumbnailUrl":"https:\/\/confirp.com.br\/wp-content\/uploads\/2025\/10\/Design-sem-nome.png","datePublished":"2025-10-17T15:08:54+00:00","dateModified":"2026-03-23T23:34:51+00:00","description":"Podcast Confirp: conte\u00fado sobre gest\u00e3o, contabilidade e neg\u00f3cios para empreendedores que querem crescer com seguran\u00e7a e informa\u00e7\u00e3o.","breadcrumb":{"@id":"https:\/\/confirp.com.br\/es\/podcast-confirp\/#breadcrumb"},"inLanguage":"es","potentialAction":[{"@type":"ReadAction","target":["https:\/\/confirp.com.br\/es\/podcast-confirp\/"]}]},{"@type":"ImageObject","inLanguage":"es","@id":"https:\/\/confirp.com.br\/es\/podcast-confirp\/#primaryimage","url":"https:\/\/confirp.com.br\/wp-content\/uploads\/2025\/10\/Design-sem-nome.png","contentUrl":"https:\/\/confirp.com.br\/wp-content\/uploads\/2025\/10\/Design-sem-nome.png","width":940,"height":788,"caption":"podcast confirp"},{"@type":"BreadcrumbList","@id":"https:\/\/confirp.com.br\/es\/podcast-confirp\/#breadcrumb","itemListElement":[{"@type":"ListItem","position":1,"name":"Home","item":"https:\/\/confirp.com.br\/es\/inicio\/"},{"@type":"ListItem","position":2,"name":"Podcast Confirp"}]},{"@type":"WebSite","@id":"https:\/\/confirp.com.br\/es\/#website","url":"https:\/\/confirp.com.br\/es\/","name":"CONFIRP","description":"","publisher":{"@id":"https:\/\/confirp.com.br\/es\/#organization"},"potentialAction":[{"@type":"SearchAction","target":{"@type":"EntryPoint","urlTemplate":"https:\/\/confirp.com.br\/es\/?s={search_term_string}"},"query-input":{"@type":"PropertyValueSpecification","valueRequired":true,"valueName":"search_term_string"}}],"inLanguage":"es"},{"@type":"Organization","@id":"https:\/\/confirp.com.br\/es\/#organization","name":"CONFIRP","url":"https:\/\/confirp.com.br\/es\/","logo":{"@type":"ImageObject","inLanguage":"es","@id":"https:\/\/confirp.com.br\/es\/#\/schema\/logo\/image\/","url":"https:\/\/confirp.com.br\/wp-content\/uploads\/2018\/09\/logo-confirp.svg","contentUrl":"https:\/\/confirp.com.br\/wp-content\/uploads\/2018\/09\/logo-confirp.svg","width":176,"height":40,"caption":"CONFIRP"},"image":{"@id":"https:\/\/confirp.com.br\/es\/#\/schema\/logo\/image\/"}}]}},"_links":{"self":[{"href":"https:\/\/confirp.com.br\/es\/wp-json\/wp\/v2\/pages\/27069","targetHints":{"allow":["GET"]}}],"collection":[{"href":"https:\/\/confirp.com.br\/es\/wp-json\/wp\/v2\/pages"}],"about":[{"href":"https:\/\/confirp.com.br\/es\/wp-json\/wp\/v2\/types\/page"}],"author":[{"embeddable":true,"href":"https:\/\/confirp.com.br\/es\/wp-json\/wp\/v2\/users\/23"}],"replies":[{"embeddable":true,"href":"https:\/\/confirp.com.br\/es\/wp-json\/wp\/v2\/comments?post=27069"}],"version-history":[{"count":0,"href":"https:\/\/confirp.com.br\/es\/wp-json\/wp\/v2\/pages\/27069\/revisions"}],"wp:featuredmedia":[{"embeddable":true,"href":"https:\/\/confirp.com.br\/es\/wp-json\/wp\/v2\/media\/27146"}],"wp:attachment":[{"href":"https:\/\/confirp.com.br\/es\/wp-json\/wp\/v2\/media?parent=27069"}],"curies":[{"name":"wp","href":"https:\/\/api.w.org\/{rel}","templated":true}]}}